{"id":258,"date":"2022-12-19T20:56:23","date_gmt":"2022-12-19T20:56:23","guid":{"rendered":"https:\/\/bdccconsulting.com\/?page_id=258"},"modified":"2023-01-30T16:43:48","modified_gmt":"2023-01-30T16:43:48","slug":"auditoria","status":"publish","type":"page","link":"https:\/\/bdccconsulting.com\/en\/auditoria\/","title":{"rendered":"AUDIT"},"content":{"rendered":"<p>[et_pb_section fb_built=&#8221;1&#8243; _builder_version=&#8221;4.19.5&#8243; _module_preset=&#8221;default&#8221; custom_margin=&#8221;0px||0px||true|false&#8221; custom_padding=&#8221;50px||0px||false|false&#8221; global_colors_info=&#8221;{}&#8221;][et_pb_row column_structure=&#8221;1_2,1_2&#8243; _builder_version=&#8221;4.19.5&#8243; _module_preset=&#8221;default&#8221; width=&#8221;100%&#8221; max_width=&#8221;100%&#8221; custom_margin=&#8221;0px||0px||true|false&#8221; custom_padding=&#8221;0px||0px||true|false&#8221; global_colors_info=&#8221;{}&#8221;][et_pb_column type=&#8221;1_2&#8243; _builder_version=&#8221;4.19.5&#8243; _module_preset=&#8221;default&#8221; global_colors_info=&#8221;{}&#8221;][et_pb_text _builder_version=&#8221;4.19.5&#8243; _module_preset=&#8221;default&#8221; header_font=&#8221;|700||on|||||&#8221; header_text_align=&#8221;center&#8221; header_text_color=&#8221;#FFFFFF&#8221; header_font_size=&#8221;50px&#8221; background_color=&#8221;#1a5da2&#8243; custom_padding=&#8221;5px||||false|false&#8221; hover_enabled=&#8221;0&#8243; global_colors_info=&#8221;{}&#8221; sticky_enabled=&#8221;0&#8243;]<\/p>\n<h1>AUDITORIA<\/h1>\n<p>[\/et_pb_text][\/et_pb_column][et_pb_column type=&#8221;1_2&#8243; _builder_version=&#8221;4.19.5&#8243; _module_preset=&#8221;default&#8221; global_colors_info=&#8221;{}&#8221;][\/et_pb_column][\/et_pb_row][\/et_pb_section][et_pb_section fb_built=&#8221;1&#8243; _builder_version=&#8221;4.19.5&#8243; _module_preset=&#8221;default&#8221; background_image=&#8221;https:\/\/bdccconsulting.com\/wp-content\/uploads\/2023\/01\/Negro-y-Blanco-Fotografico-Servicio-de-Contabilidad-Sitio-Web.png&#8221; global_colors_info=&#8221;{}&#8221;][et_pb_row column_structure=&#8221;2_3,1_3&#8243; use_custom_gutter=&#8221;on&#8221; gutter_width=&#8221;2&#8243; _builder_version=&#8221;4.19.5&#8243; _module_preset=&#8221;default&#8221; global_colors_info=&#8221;{}&#8221;][et_pb_column type=&#8221;2_3&#8243; _builder_version=&#8221;4.19.5&#8243; _module_preset=&#8221;default&#8221; global_colors_info=&#8221;{}&#8221;][et_pb_text _builder_version=&#8221;4.19.5&#8243; _module_preset=&#8221;default&#8221; text_font_size=&#8221;16px&#8221; header_2_font=&#8221;|600|||||||&#8221; global_colors_info=&#8221;{}&#8221;]<\/p>\n<h2>CERTEZA<\/h2>\n<p>Nuestro enfoque de negocios permite a nuestros clientes conocer los riesgos de forma oportuna, informando las oportunidades y amenazas para con su operaci\u00f3n, brindando mayor seguridad en la toma de decisiones.<\/p>\n<h2>CAPACIDAD<\/h2>\n<p>Contamos con una estructura solvente que permite proporcionar a nuestros clientes un servicio de la m\u00e1s alta calidad superando expectativas en busca de mantener nuestra relaci\u00f3n de negocios.<\/p>\n<h2>INDEPENDENCIA<\/h2>\n<p>Contamos con requerimientos y est\u00e1ndares de calidad que nos permiten proporcionar entregables con la objetividad, garantizando la confianza y credibilidad ante nuestros usuarios.<\/p>\n<p>[\/et_pb_text][et_pb_text _builder_version=&#8221;4.19.5&#8243; _module_preset=&#8221;default&#8221; text_font_size=&#8221;16px&#8221; header_2_font=&#8221;|600|||||||&#8221; global_colors_info=&#8221;{}&#8221;]<\/p>\n<h2>NUESTROS SERVICIOS ABARCAN:<\/h2>\n<ul>\n<li>Auditor\u00eda de estados financieros (incluye, en su caso, el dictamen fiscal) \u2022 Auditor\u00edas de compra\/venta de empresas (due diligence)<\/li>\n<li>Auditor\u00edas a entidades gubernamentales designadas por la Secretar\u00eda de la Funci\u00f3n P\u00fablica y Gobiernos locales<\/li>\n<li>Auditor\u00edas para efectos del IMSS e INFONAVIT<\/li>\n<li>Auditor\u00edas para efectos de impuestos locales de la CDMX, Estado de M\u00e9xico, Quer\u00e9taro y Guanajuato<\/li>\n<li>Peritajes contables<\/li>\n<li>Revisiones especiales y de atestiguamiento<\/li>\n<li>Auditor\u00eda en materia de Tecnolog\u00edas de la Informaci\u00f3n<\/li>\n<li>Auditor\u00eda en materia de PLD<\/li>\n<li>Auditor\u00eda de fondos de CONACYT y Secretar\u00eda de Econom\u00eda<\/li>\n<\/ul>\n<p>[\/et_pb_text][\/et_pb_column][et_pb_column type=&#8221;1_3&#8243; _builder_version=&#8221;4.19.5&#8243; _module_preset=&#8221;default&#8221; background_color=&#8221;#FFFFFF&#8221; custom_padding=&#8221;15px|20px|15px|20px|true|true&#8221; border_radii=&#8221;on|10px|10px|10px|10px&#8221; box_shadow_style=&#8221;preset2&#8243; global_colors_info=&#8221;{}&#8221;][et_pb_text _builder_version=&#8221;4.19.5&#8243; _module_preset=&#8221;default&#8221; text_font_size=&#8221;16px&#8221; header_2_font=&#8221;|600|||||||&#8221; header_2_text_align=&#8221;center&#8221; header_2_line_height=&#8221;1.2em&#8221; text_orientation=&#8221;center&#8221; global_colors_info=&#8221;{}&#8221;]<\/p>\n<h2>\u00bfNECESITAS AYUDA PERSONALIZADA?<\/h2>\n<p>Nosotros te podemos ayudar, usa el calendario para agendar una cita con uno de nuestros expertos<\/p>\n<p>[\/et_pb_text][et_pb_code _builder_version=&#8221;4.19.5&#8243; _module_preset=&#8221;default&#8221; global_colors_info=&#8221;{}&#8221;]<!-- Principio del widget integrado de Calendly --><!-- [et_pb_line_break_holder] --><\/p>\n<div class=\"calendly-inline-widget\" data-url=\"https:\/\/calendly.com\/bdccconsulting\/30min?hide_event_type_details=1\" style=\"min-width:320px;height:630px;\"><\/div>\n<p><!-- [et_pb_line_break_holder] --><script type=\"text\/javascript\" src=\"https:\/\/assets.calendly.com\/assets\/external\/widget.js\" async><\/script><!-- [et_pb_line_break_holder] --><!-- Final del widget integrado de Calendly -->[\/et_pb_code][\/et_pb_column][\/et_pb_row][\/et_pb_section]<\/p>\n","protected":false},"excerpt":{"rendered":"<p>We offer more than just a financial opinion; we provide a comprehensive risk analysis in a timely manner, which adds value and informs on the strengths and weaknesses of your business, to provide greater certainty in decision making.<\/p>","protected":false},"author":2,"featured_media":12,"parent":0,"menu_order":0,"comment_status":"closed","ping_status":"closed","template":"","meta":{"_et_pb_use_builder":"on","_et_pb_old_content":"<!-- wp:image {\"id\":28,\"sizeSlug\":\"large\",\"linkDestination\":\"none\"} -->\n<figure class=\"wp-block-image size-large\"><img src=\"https:\/\/bdccconsulting.com\/wp-content\/uploads\/2022\/12\/Gold-Blue-Law-Firm-Sleek-Corporate-Law-Firm-Website-1-1024x576.png\" alt=\"\" class=\"wp-image-28\"\/><\/figure>\n<!-- \/wp:image -->\n\n<!-- wp:heading -->\n<h2>CAPACIDAD<\/h2>\n<!-- \/wp:heading -->\n\n<!-- wp:paragraph -->\n<p>Contamos con una estructura solvente que permite proporcionar a nuestros clientes un servicio de la m\u00e1s alta calidad, superando expectativas en busca de mantener nuestra relaci\u00f3n de negocios.<\/p>\n<!-- \/wp:paragraph -->\n\n<!-- wp:heading -->\n<h2>INDEPENDENCIA<\/h2>\n<!-- \/wp:heading -->\n\n<!-- wp:paragraph -->\n<p>Contamos con requerimientos y est\u00e1ndares de calidad que nos permiten proporcionar entregables con la objetividad, garantizando la confianza y credibilidad ante nuestros usuarios.<\/p>\n<!-- \/wp:paragraph -->\n\n<!-- wp:heading -->\n<h2>NUESTROS SERVICIOS ABARCAN:<\/h2>\n<!-- \/wp:heading -->\n\n<!-- wp:paragraph -->\n<p>\u2022 Auditor\u00eda de estados financieros (incluye, en su caso, el dictamen fiscal) \u2022 Auditor\u00edas de compra\/venta de empresas (due diligence)<br>\u2022 Auditor\u00edas a entidades gubernamentales designadas por la Secretar\u00eda de la Funci\u00f3n P\u00fablica y Gobiernos locales<\/p>\n<!-- \/wp:paragraph -->\n\n<!-- wp:paragraph -->\n<p>\u2022 Auditor\u00edas para efectos del IMSS e INFONAVIT<br>\u2022 Auditor\u00edas para efectos de impuestos locales de la CDMX, Estado de M\u00e9xico, Quer\u00e9taro y Guanajuato<br>\u2022 Peritajes contables<br>\u2022 Revisiones especiales y de atestiguamiento<br>\u2022 Auditor\u00eda en materia de Tecnolog\u00edas de la Informaci\u00f3n<br>\u2022 Auditor\u00eda en materia de PLD<br>\u2022 Auditor\u00eda de fondos de CONACYT y Secretar\u00eda de Econom\u00eda<\/p>\n<!-- \/wp:paragraph -->","_et_gb_content_width":"","content-type":"","footnotes":""},"jetpack_sharing_enabled":true,"_links":{"self":[{"href":"https:\/\/bdccconsulting.com\/en\/wp-json\/wp\/v2\/pages\/258"}],"collection":[{"href":"https:\/\/bdccconsulting.com\/en\/wp-json\/wp\/v2\/pages"}],"about":[{"href":"https:\/\/bdccconsulting.com\/en\/wp-json\/wp\/v2\/types\/page"}],"author":[{"embeddable":true,"href":"https:\/\/bdccconsulting.com\/en\/wp-json\/wp\/v2\/users\/2"}],"replies":[{"embeddable":true,"href":"https:\/\/bdccconsulting.com\/en\/wp-json\/wp\/v2\/comments?post=258"}],"version-history":[{"count":19,"href":"https:\/\/bdccconsulting.com\/en\/wp-json\/wp\/v2\/pages\/258\/revisions"}],"predecessor-version":[{"id":501,"href":"https:\/\/bdccconsulting.com\/en\/wp-json\/wp\/v2\/pages\/258\/revisions\/501"}],"wp:featuredmedia":[{"embeddable":true,"href":"https:\/\/bdccconsulting.com\/en\/wp-json\/wp\/v2\/media\/12"}],"wp:attachment":[{"href":"https:\/\/bdccconsulting.com\/en\/wp-json\/wp\/v2\/media?parent=258"}],"curies":[{"name":"wp","href":"https:\/\/api.w.org\/{rel}","templated":true}]}}