{"id":265,"date":"2022-12-19T21:16:36","date_gmt":"2022-12-19T21:16:36","guid":{"rendered":"https:\/\/bdccconsulting.com\/?page_id=265"},"modified":"2022-12-27T16:40:36","modified_gmt":"2022-12-27T16:40:36","slug":"tax","status":"publish","type":"page","link":"https:\/\/bdccconsulting.com\/en\/tax\/","title":{"rendered":"SERVICIOS TAX"},"content":{"rendered":"<figure class=\"wp-block-image size-large\"><img data-recalc-dims=\"1\" loading=\"lazy\" decoding=\"async\" width=\"1024\" height=\"576\" src=\"https:\/\/i0.wp.com\/bdccconsulting.com\/wp-content\/uploads\/2022\/12\/Gold-Blue-Law-Firm-Sleek-Corporate-Law-Firm-Website-1.png?resize=1024%2C576&#038;ssl=1\" alt=\"\" class=\"wp-image-28\" srcset=\"https:\/\/bdccconsulting.com\/wp-content\/uploads\/2022\/12\/Gold-Blue-Law-Firm-Sleek-Corporate-Law-Firm-Website-1-980x551.png 980w, https:\/\/bdccconsulting.com\/wp-content\/uploads\/2022\/12\/Gold-Blue-Law-Firm-Sleek-Corporate-Law-Firm-Website-1-480x270.png 480w\" sizes=\"(min-width: 0px) and (max-width: 480px) 480px, (min-width: 481px) and (max-width: 980px) 980px, (min-width: 981px) 1024px, 100vw\" \/><\/figure>\n\n\n\n<p><strong>Cumplimiento \u00b7 Tranquilidad<\/strong><\/p>\n\n\n\n<p>Derivado de las constantes modificaciones en el sistema tributario mexicano, as\u00ed como los relativos a la econom\u00eda global, contamos con servicios integrales que permiten a las empresas cumplir con las obligaciones fiscales, mejorando los c\u00e1lculos de la carga fiscal en busca de hacer un buen uso de sus recursos financieros.<\/p>\n\n\n\n<p>En BDCC Consulting, tenemos el expertise para llevar a cabo el debido cumplimiento de las obligaciones tributarias; tambi\u00e9n contamos con mecanismos fiscales dirigidos para evitar contingencias que pudieran ubicar a los actores en una situaci\u00f3n de riesgo.<\/p>\n\n\n\n<p>We have the experience and support of an international network with presence in the United States of America, which allows us to know the tax implications for the opening of businesses, not only locally, but also globally.<\/p>\n\n\n\n<p>Nuestra \u00e1rea fiscal se conforma por profesionistas capacitados, quienes ofrecen una serie de servicios tales como los siguientes:<\/p>\n\n\n\n<ul>\n<li>BPO fiscal y tr\u00e1mites de reducci\u00f3n de pagos provisionales<\/li>\n\n\n\n<li>Emisi\u00f3n de opiniones e informes para efectos fiscales<\/li>\n\n\n\n<li>Reestructuraciones corporativas (fusi\u00f3n, escisi\u00f3n, venta de acciones, liquidaciones)<\/li>\n\n\n\n<li>Actualizaci\u00f3n fiscal permanente a clientes<\/li>\n\n\n\n<li>Diagn\u00f3stico de riesgos fiscales, as\u00ed como proyecciones de esta \u00edndole<\/li>\n\n\n\n<li>Asesor\u00eda fiscal patrimonial y atenci\u00f3n a personal expatriado<\/li>\n\n\n\n<li>Due diligence fiscal por compra y venta de negocios<\/li>\n\n\n\n<li>Recuperaci\u00f3n de saldos a favor<\/li>\n\n\n\n<li>Atenci\u00f3n a cartas invitaci\u00f3n, requerimientos y a cualquier proceso de fiscalizaci\u00f3n<\/li>\n\n\n\n<li>Cuentas fiscales (CUCA y CUFIN), distribuci\u00f3n de dividendos y reducci\u00f3n de capital<\/li>\n\n\n\n<li>Asesor\u00eda en comprobantes fiscales digitales por internet (CFDI)<\/li>\n\n\n\n<li>Consultor\u00eda internacional, pagos al extranjero y aplicaci\u00f3n de tratados internacionales<\/li>\n<\/ul>","protected":false},"excerpt":{"rendered":"<p>We offer more than just a financial opinion; we provide a comprehensive risk analysis in a timely manner, which adds value and informs on the strengths and weaknesses of your business, to provide greater certainty in decision making.<\/p>","protected":false},"author":2,"featured_media":12,"parent":0,"menu_order":0,"comment_status":"closed","ping_status":"closed","template":"","meta":{"_et_pb_use_builder":"","_et_pb_old_content":"","_et_gb_content_width":"","content-type":"","footnotes":""},"jetpack_sharing_enabled":true,"_links":{"self":[{"href":"https:\/\/bdccconsulting.com\/en\/wp-json\/wp\/v2\/pages\/265"}],"collection":[{"href":"https:\/\/bdccconsulting.com\/en\/wp-json\/wp\/v2\/pages"}],"about":[{"href":"https:\/\/bdccconsulting.com\/en\/wp-json\/wp\/v2\/types\/page"}],"author":[{"embeddable":true,"href":"https:\/\/bdccconsulting.com\/en\/wp-json\/wp\/v2\/users\/2"}],"replies":[{"embeddable":true,"href":"https:\/\/bdccconsulting.com\/en\/wp-json\/wp\/v2\/comments?post=265"}],"version-history":[{"count":1,"href":"https:\/\/bdccconsulting.com\/en\/wp-json\/wp\/v2\/pages\/265\/revisions"}],"predecessor-version":[{"id":266,"href":"https:\/\/bdccconsulting.com\/en\/wp-json\/wp\/v2\/pages\/265\/revisions\/266"}],"wp:featuredmedia":[{"embeddable":true,"href":"https:\/\/bdccconsulting.com\/en\/wp-json\/wp\/v2\/media\/12"}],"wp:attachment":[{"href":"https:\/\/bdccconsulting.com\/en\/wp-json\/wp\/v2\/media?parent=265"}],"curies":[{"name":"wp","href":"https:\/\/api.w.org\/{rel}","templated":true}]}}