{"id":267,"date":"2022-12-19T21:22:21","date_gmt":"2022-12-19T21:22:21","guid":{"rendered":"https:\/\/bdccconsulting.com\/?page_id=267"},"modified":"2023-01-30T16:10:43","modified_gmt":"2023-01-30T16:10:43","slug":"precios-transferencia","status":"publish","type":"page","link":"https:\/\/bdccconsulting.com\/en\/precios-transferencia\/","title":{"rendered":"TRANSFER PRICES"},"content":{"rendered":"<p>[et_pb_section fb_built=&#8221;1&#8243; _builder_version=&#8221;4.19.5&#8243; _module_preset=&#8221;default&#8221; custom_margin=&#8221;0px||0px||true|false&#8221; custom_padding=&#8221;50px||0px||false|false&#8221; global_colors_info=&#8221;{}&#8221; theme_builder_area=&#8221;post_content&#8221;][et_pb_row column_structure=&#8221;3_4,1_4&#8243; _builder_version=&#8221;4.19.5&#8243; _module_preset=&#8221;default&#8221; width=&#8221;100%&#8221; max_width=&#8221;100%&#8221; custom_margin=&#8221;0px||0px||true|false&#8221; custom_padding=&#8221;0px||0px||true|false&#8221; global_colors_info=&#8221;{}&#8221; theme_builder_area=&#8221;post_content&#8221;][et_pb_column type=&#8221;3_4&#8243; _builder_version=&#8221;4.19.5&#8243; _module_preset=&#8221;default&#8221; global_colors_info=&#8221;{}&#8221; theme_builder_area=&#8221;post_content&#8221;][et_pb_text _builder_version=&#8221;4.19.5&#8243; _module_preset=&#8221;default&#8221; header_font=&#8221;|700||on|||||&#8221; header_text_align=&#8221;left&#8221; header_text_color=&#8221;#FFFFFF&#8221; header_font_size=&#8221;50px&#8221; background_color=&#8221;#1a5da2&#8243; custom_padding=&#8221;8px|20px||185px|false|false&#8221; custom_padding_tablet=&#8221;|0px||70px|false|false&#8221; custom_padding_phone=&#8221;|0px||0px|false|false&#8221; custom_padding_last_edited=&#8221;on|desktop&#8221; border_radii=&#8221;off||10px|10px|&#8221; box_shadow_style=&#8221;preset2&#8243; global_colors_info=&#8221;{}&#8221; theme_builder_area=&#8221;post_content&#8221;]<\/p>\n<h1>PRECIOS DE TRANSFERENCIA<\/h1>\n<p>[\/et_pb_text][\/et_pb_column][et_pb_column type=&#8221;1_4&#8243; _builder_version=&#8221;4.19.5&#8243; _module_preset=&#8221;default&#8221; global_colors_info=&#8221;{}&#8221; theme_builder_area=&#8221;post_content&#8221;][\/et_pb_column][\/et_pb_row][\/et_pb_section][et_pb_section fb_built=&#8221;1&#8243; _builder_version=&#8221;4.19.5&#8243; _module_preset=&#8221;default&#8221; background_image=&#8221;https:\/\/bdccconsulting.com\/wp-content\/uploads\/2023\/01\/Negro-y-Blanco-Fotografico-Servicio-de-Contabilidad-Sitio-Web.png&#8221; custom_padding=&#8221;35px||35px|||&#8221; global_colors_info=&#8221;{}&#8221; theme_builder_area=&#8221;post_content&#8221;][et_pb_row column_structure=&#8221;2_3,1_3&#8243; use_custom_gutter=&#8221;on&#8221; gutter_width=&#8221;2&#8243; _builder_version=&#8221;4.19.5&#8243; _module_preset=&#8221;default&#8221; global_colors_info=&#8221;{}&#8221; theme_builder_area=&#8221;post_content&#8221;][et_pb_column type=&#8221;2_3&#8243; _builder_version=&#8221;4.19.5&#8243; _module_preset=&#8221;default&#8221; global_colors_info=&#8221;{}&#8221; theme_builder_area=&#8221;post_content&#8221;][et_pb_text _builder_version=&#8221;4.19.5&#8243; _module_preset=&#8221;default&#8221; text_font_size=&#8221;16px&#8221; header_2_font=&#8221;|600|||||||&#8221; hover_enabled=&#8221;0&#8243; global_colors_info=&#8221;{}&#8221; theme_builder_area=&#8221;post_content&#8221; sticky_enabled=&#8221;0&#8243;]En la actualidad econ\u00f3mica actual, resulta indispensable para los corporativos realizar un an\u00e1lisis detallado del de sus operaciones y transacciones considerando el mercado al momento.<br \/>\nNuestro enfoque consiste en analizar m\u00e1s all\u00e1 del simple cumplimiento con las obligaciones fiscales. Buscamos la generaci\u00f3n de valor agregado y soluciones aplicables para la estructura de la empresa y del grupo al que pertenece.<\/p>\n<p>Contamos con un equipo multidisciplinar que realiza la b\u00fasqueda en bases de datos de reconocimiento internacional con informaci\u00f3n de m\u00e1s de 50 mil empresas en todo el mundo.<\/p>\n<p>Nuestros servicios incluyen:[\/et_pb_text][et_pb_text _builder_version=&#8221;4.19.5&#8243; _module_preset=&#8221;default&#8221; text_font_size=&#8221;16px&#8221; header_2_font=&#8221;|600|||||||&#8221; hover_enabled=&#8221;0&#8243; global_colors_info=&#8221;{}&#8221; theme_builder_area=&#8221;post_content&#8221; sticky_enabled=&#8221;0&#8243; custom_padding=&#8221;||0px||false|false&#8221; custom_margin=&#8221;||0px||false|false&#8221;]<\/p>\n<ul>\n<li>Elaboraci\u00f3n de estudios de precios de transferencia.<\/li>\n<li>An\u00e1lisis para implementaci\u00f3n de nuevas operaciones con partes relacionadas, nacionales y\/o en el extranjero.<\/li>\n<li>An\u00e1lisis de la rentabilidad de las empresas y de las operaciones.<\/li>\n<li>Asesor\u00eda en el llenado y\/o preparaci\u00f3n de los anexos correspondientes a PT en la ISSIF, anexos fiscales y Anexo 9 de la DIM.<\/li>\n<li>Asesor\u00eda y preparaci\u00f3n de las declaraciones informativas de partes relacionadas:<\/li>\n<\/ul>\n<p>[\/et_pb_text][et_pb_text _builder_version=&#8221;4.19.5&#8243; _module_preset=&#8221;default&#8221; text_font_size=&#8221;16px&#8221; header_2_font=&#8221;|600|||||||&#8221; hover_enabled=&#8221;0&#8243; global_colors_info=&#8221;{}&#8221; theme_builder_area=&#8221;post_content&#8221; sticky_enabled=&#8221;0&#8243; ul_type=&#8221;none&#8221; custom_margin=&#8221;||0px||false|false&#8221; custom_padding=&#8221;||0px||false|false&#8221;]<\/p>\n<ul>\n<li>o\u00a0 \u00a0Maestra de partes relacionadas del grupo empresarial multinacional (Master file)<\/li>\n<li>o\u00a0 \u00a0Local de partes relacionadas (Local file)<\/li>\n<li>o\u00a0 \u00a0Pa\u00eds por pa\u00eds (Contry by Country)<\/li>\n<\/ul>\n<p>[\/et_pb_text][et_pb_text _builder_version=&#8221;4.19.5&#8243; _module_preset=&#8221;default&#8221; text_font_size=&#8221;16px&#8221; header_2_font=&#8221;|600|||||||&#8221; hover_enabled=&#8221;0&#8243; global_colors_info=&#8221;{}&#8221; theme_builder_area=&#8221;post_content&#8221; sticky_enabled=&#8221;0&#8243;]<\/p>\n<ul>\n<li>Asesor\u00eda en procesos de fiscalizaci\u00f3n en materia de precios de transferencia.<\/li>\n<li>Asesor\u00eda en reestructuras de grupos<\/li>\n<li>Valuaci\u00f3n de acciones<\/li>\n<li>Dise\u00f1ar la mejor estructura respecto de funciones y riesgos<\/li>\n<li>Estudio respecto de capitalizaci\u00f3n delgada (thin capitalization)<\/li>\n<\/ul>\n<p>[\/et_pb_text][\/et_pb_column][et_pb_column type=&#8221;1_3&#8243; _builder_version=&#8221;4.19.5&#8243; _module_preset=&#8221;default&#8221; background_color=&#8221;#FFFFFF&#8221; custom_padding=&#8221;15px|20px|15px|20px|true|true&#8221; border_radii=&#8221;on|10px|10px|10px|10px&#8221; box_shadow_style=&#8221;preset2&#8243; global_colors_info=&#8221;{}&#8221; theme_builder_area=&#8221;post_content&#8221;][et_pb_text _builder_version=&#8221;4.19.5&#8243; _module_preset=&#8221;default&#8221; text_font_size=&#8221;16px&#8221; header_2_font=&#8221;|600|||||||&#8221; header_2_text_align=&#8221;center&#8221; header_2_line_height=&#8221;1.2em&#8221; text_orientation=&#8221;center&#8221; global_colors_info=&#8221;{}&#8221; theme_builder_area=&#8221;post_content&#8221;]<\/p>\n<h2>\u00bfNECESITAS AYUDA PERSONALIZADA?<\/h2>\n<p>Nosotros te podemos ayudar, usa el calendario para agendar una cita con uno de nuestros expertos<\/p>\n<p>[\/et_pb_text][et_pb_code _builder_version=&#8221;4.19.5&#8243; _module_preset=&#8221;default&#8221; global_colors_info=&#8221;{}&#8221; theme_builder_area=&#8221;post_content&#8221;]<!-- Principio del widget integrado de Calendly --><!-- [et_pb_line_break_holder] --><\/p>\n<div class=\"calendly-inline-widget\" data-url=\"https:\/\/calendly.com\/bdccconsulting\/30min?hide_event_type_details=1\" style=\"min-width:320px;height:630px;\"><\/div>\n<p><!-- [et_pb_line_break_holder] --><script type=\"text\/javascript\" src=\"https:\/\/assets.calendly.com\/assets\/external\/widget.js\" async><\/script><!-- [et_pb_line_break_holder] --><!-- Final del widget integrado de Calendly -->[\/et_pb_code][\/et_pb_column][\/et_pb_row][\/et_pb_section]<\/p>\n","protected":false},"excerpt":{"rendered":"<p>We offer more than just a financial opinion; we provide a comprehensive risk analysis in a timely manner, which adds value and informs on the strengths and weaknesses of your business, to provide greater certainty in decision making.<\/p>","protected":false},"author":2,"featured_media":12,"parent":0,"menu_order":0,"comment_status":"closed","ping_status":"closed","template":"","meta":{"_et_pb_use_builder":"on","_et_pb_old_content":"<!-- wp:image {\"id\":28,\"sizeSlug\":\"large\",\"linkDestination\":\"none\"} -->\n<figure class=\"wp-block-image size-large\"><img src=\"https:\/\/bdccconsulting.com\/wp-content\/uploads\/2022\/12\/Gold-Blue-Law-Firm-Sleek-Corporate-Law-Firm-Website-1-1024x576.png\" alt=\"\" class=\"wp-image-28\"\/><\/figure>\n<!-- \/wp:image -->\n\n<!-- wp:paragraph -->\n<p><strong><strong>Oportunidad \u00b7 Utilidad<\/strong><\/strong><\/p>\n<!-- \/wp:paragraph -->\n\n<!-- wp:paragraph -->\n<p>En el entorno econ\u00f3mico actual, es indispensable un an\u00e1lisis detallado del funcionamiento de los grupos de compa\u00f1\u00edas, as\u00ed como de sus operaciones y transacciones.<\/p>\n<!-- \/wp:paragraph -->\n\n<!-- wp:paragraph -->\n<p>Nuestro enfoque consiste en analizar &nbsp; m\u00e1s &nbsp; all\u00e1 &nbsp; del simple cumplimiento con las obligaciones fiscales. Buscamos la generaci\u00f3n de valor agregado y soluciones aplicables para la estructura de la empresa y del grupo al que pertenece.&nbsp;<\/p>\n<!-- \/wp:paragraph -->\n\n<!-- wp:paragraph -->\n<p>Contamos con bases de datos de reconocimiento internacional, como OneSource, con informaci\u00f3n de m\u00e1s de 50 mil empresas en todo el mundo.<\/p>\n<!-- \/wp:paragraph -->\n\n<!-- wp:paragraph -->\n<p><strong>Nuestros servicios incluyen:<\/strong><\/p>\n<!-- \/wp:paragraph -->\n\n<!-- wp:list -->\n<ul><!-- wp:list-item -->\n<li>Elaboraci\u00f3n de estudios de precios de transferencia<\/li>\n<!-- \/wp:list-item -->\n\n<!-- wp:list-item -->\n<li>An\u00e1lisis para implementaci\u00f3n de nuevas operaciones con partes relacionadas, nacionales y\/o en el extranjero<\/li>\n<!-- \/wp:list-item -->\n\n<!-- wp:list-item -->\n<li>An\u00e1lisis de la rentabilidad de las empresas y de las operaciones<\/li>\n<!-- \/wp:list-item -->\n\n<!-- wp:list-item -->\n<li>Asesor\u00eda en el llenado y\/o preparaci\u00f3n de los anexos correspondientes a PT en la ISSIF, anexos fiscales y Anexo 9 de la DIM<\/li>\n<!-- \/wp:list-item -->\n\n<!-- wp:list-item -->\n<li>Asesor\u00eda y preparaci\u00f3n de las declaraciones informativas de partes relacionadas:\n\n\n\n<!-- wp:list -->\n<ul><!-- wp:list-item -->\n<li>Maestra de partes relacionadas del grupo empresarial multinacional (Master file)<\/li>\n<!-- \/wp:list-item --><\/ul>\n<!-- \/wp:list -->\n\n<!-- wp:list -->\n<ul><!-- wp:list-item -->\n<li>Local de partes relacionadas (Local file)<\/li>\n<!-- \/wp:list-item -->\n\n<!-- wp:list-item -->\n<li>Pa\u00eds por pa\u00eds (Country by Country)<\/li>\n<!-- \/wp:list-item --><\/ul>\n<!-- \/wp:list --><\/li>\n<!-- \/wp:list-item -->\n\n<!-- wp:list-item -->\n<li>Asesor\u00eda en procesos de fiscalizaci\u00f3n en materia de precios de transferencia<\/li>\n<!-- \/wp:list-item -->\n\n<!-- wp:list-item -->\n<li>Asesor\u00eda para la obtenci\u00f3n de APAs unilaterales y\/o bilaterales<\/li>\n<!-- \/wp:list-item -->\n\n<!-- wp:list-item -->\n<li>Asesor\u00eda en reestructuras de grupos<\/li>\n<!-- \/wp:list-item -->\n\n<!-- wp:list-item -->\n<li>Valuaci\u00f3n de acciones<\/li>\n<!-- \/wp:list-item -->\n\n<!-- wp:list-item -->\n<li>Dise\u00f1ar la mejor estructura respecto de funciones y riesgos<\/li>\n<!-- \/wp:list-item -->\n\n<!-- wp:list-item -->\n<li>Estudio respecto de capitalizaci\u00f3n delgada (thin capitalization)<\/li>\n<!-- \/wp:list-item -->\n\n<!-- wp:list-item -->\n<li>Safe harbor<\/li>\n<!-- \/wp:list-item --><\/ul>\n<!-- \/wp:list -->\n\n<!-- wp:paragraph -->\n<p>Contacte a alguno de nuestros especialistas, quienes con gusto le asesorar\u00e1n en el tipo de an\u00e1lisis que mejor se adapte a las necesidades de su negocio.<\/p>\n<!-- \/wp:paragraph -->","_et_gb_content_width":"","content-type":"","footnotes":""},"jetpack_sharing_enabled":true,"_links":{"self":[{"href":"https:\/\/bdccconsulting.com\/en\/wp-json\/wp\/v2\/pages\/267"}],"collection":[{"href":"https:\/\/bdccconsulting.com\/en\/wp-json\/wp\/v2\/pages"}],"about":[{"href":"https:\/\/bdccconsulting.com\/en\/wp-json\/wp\/v2\/types\/page"}],"author":[{"embeddable":true,"href":"https:\/\/bdccconsulting.com\/en\/wp-json\/wp\/v2\/users\/2"}],"replies":[{"embeddable":true,"href":"https:\/\/bdccconsulting.com\/en\/wp-json\/wp\/v2\/comments?post=267"}],"version-history":[{"count":4,"href":"https:\/\/bdccconsulting.com\/en\/wp-json\/wp\/v2\/pages\/267\/revisions"}],"predecessor-version":[{"id":494,"href":"https:\/\/bdccconsulting.com\/en\/wp-json\/wp\/v2\/pages\/267\/revisions\/494"}],"wp:featuredmedia":[{"embeddable":true,"href":"https:\/\/bdccconsulting.com\/en\/wp-json\/wp\/v2\/media\/12"}],"wp:attachment":[{"href":"https:\/\/bdccconsulting.com\/en\/wp-json\/wp\/v2\/media?parent=267"}],"curies":[{"name":"wp","href":"https:\/\/api.w.org\/{rel}","templated":true}]}}