{"id":270,"date":"2022-12-19T21:52:26","date_gmt":"2022-12-19T21:52:26","guid":{"rendered":"https:\/\/bdccconsulting.com\/?page_id=270"},"modified":"2023-01-30T16:04:22","modified_gmt":"2023-01-30T16:04:22","slug":"contribucciones-locales","status":"publish","type":"page","link":"https:\/\/bdccconsulting.com\/en\/contribucciones-locales\/","title":{"rendered":"AUDIT OF LOCAL CONTRIBUTIONS, IMSS AND INFONAVIT"},"content":{"rendered":"<p>[et_pb_section fb_built=&#8221;1&#8243; _builder_version=&#8221;4.19.5&#8243; _module_preset=&#8221;default&#8221; custom_margin=&#8221;0px||0px||true|false&#8221; custom_padding=&#8221;50px||0px||false|false&#8221; global_colors_info=&#8221;{}&#8221;][et_pb_row column_structure=&#8221;3_4,1_4&#8243; _builder_version=&#8221;4.19.5&#8243; _module_preset=&#8221;default&#8221; width=&#8221;100%&#8221; max_width=&#8221;100%&#8221; custom_margin=&#8221;0px||0px||true|false&#8221; custom_padding=&#8221;0px||0px||true|false&#8221; global_colors_info=&#8221;{}&#8221;][et_pb_column type=&#8221;3_4&#8243; _builder_version=&#8221;4.19.5&#8243; _module_preset=&#8221;default&#8221; global_colors_info=&#8221;{}&#8221;][et_pb_text _builder_version=&#8221;4.19.5&#8243; _module_preset=&#8221;default&#8221; header_font=&#8221;|700||on|||||&#8221; header_text_align=&#8221;left&#8221; header_text_color=&#8221;#FFFFFF&#8221; header_font_size=&#8221;50px&#8221; background_color=&#8221;#1a5da2&#8243; custom_padding=&#8221;8px|20px||185px|false|false&#8221; custom_padding_tablet=&#8221;|0px||70px|false|false&#8221; custom_padding_phone=&#8221;|0px||0px|false|false&#8221; custom_padding_last_edited=&#8221;on|desktop&#8221; hover_enabled=&#8221;0&#8243; border_radii=&#8221;off||10px|10px|&#8221; box_shadow_style=&#8221;preset2&#8243; global_colors_info=&#8221;{}&#8221; sticky_enabled=&#8221;0&#8243;]<\/p>\n<h1>AUDITOR\u00cdA A CONTRIBUCIONES LOCALES, IMSS E INFONAVIT<\/h1>\n<p>[\/et_pb_text][\/et_pb_column][et_pb_column type=&#8221;1_4&#8243; _builder_version=&#8221;4.19.5&#8243; _module_preset=&#8221;default&#8221; global_colors_info=&#8221;{}&#8221;][\/et_pb_column][\/et_pb_row][\/et_pb_section][et_pb_section fb_built=&#8221;1&#8243; _builder_version=&#8221;4.19.5&#8243; _module_preset=&#8221;default&#8221; background_image=&#8221;https:\/\/bdccconsulting.com\/wp-content\/uploads\/2023\/01\/Negro-y-Blanco-Fotografico-Servicio-de-Contabilidad-Sitio-Web.png&#8221; custom_padding=&#8221;35px||35px|||&#8221; global_colors_info=&#8221;{}&#8221;][et_pb_row column_structure=&#8221;2_3,1_3&#8243; use_custom_gutter=&#8221;on&#8221; gutter_width=&#8221;2&#8243; _builder_version=&#8221;4.19.5&#8243; _module_preset=&#8221;default&#8221; global_colors_info=&#8221;{}&#8221;][et_pb_column type=&#8221;2_3&#8243; _builder_version=&#8221;4.19.5&#8243; _module_preset=&#8221;default&#8221; global_colors_info=&#8221;{}&#8221;][et_pb_text _builder_version=&#8221;4.19.5&#8243; _module_preset=&#8221;default&#8221; text_font_size=&#8221;16px&#8221; header_2_font=&#8221;|600|||||||&#8221; global_colors_info=&#8221;{}&#8221;]Las auditor\u00edas para efectos de contribuciones locales del IMSS y del INFONAVIT, son importantes para el correcto pago de las obligaciones a cargo de las empresas y en su car\u00e1cter de retenedor.<\/p>\n<p>Nuestros expertos buscar\u00e1n optimizar, en estricto apego a las disposiciones fiscales y dentro del marco legal, la carga tributaria y el control interno aplicable a dichas contribuciones.[\/et_pb_text][et_pb_text _builder_version=&#8221;4.19.5&#8243; _module_preset=&#8221;default&#8221; text_font_size=&#8221;16px&#8221; header_2_font=&#8221;|600|||||||&#8221; global_colors_info=&#8221;{}&#8221;]<\/p>\n<ul>\n<li>Los servicios prestados por nuestros especialistas son los siguientes:<br \/>\nDict\u00e1menes para efectos del IMSS e INFONAVIT<\/li>\n<li>De contribuciones locales para: Cd. de M\u00e9xico, Edo. de M\u00e9xico, S.L.P., Zacatecas, Guanajuato y Quer\u00e9taro de los impuestos y contribuciones que apliquen para cada Entidad:<\/li>\n<\/ul>\n<p>[\/et_pb_text][et_pb_text ul_type=&#8221;circle&#8221; ul_position=&#8221;inside&#8221; ul_item_indent=&#8221;18px&#8221; _builder_version=&#8221;4.19.5&#8243; _module_preset=&#8221;default&#8221; text_font_size=&#8221;16px&#8221; ul_font=&#8221;||on||||||&#8221; ol_font=&#8221;||||||||&#8221; header_2_font=&#8221;|600|||||||&#8221; custom_margin=&#8221;-20px||||false|false&#8221; custom_padding=&#8221;0px||||false|false&#8221; global_colors_info=&#8221;{}&#8221;]<\/p>\n<ul>\n<li>Sobre n\u00f3minas<\/li>\n<li>Predial<\/li>\n<li>Derechos por el Suministro de Agua<\/li>\n<li>Derechos de Descarga a la Red de Drenaje<\/li>\n<li>Por Prestaci\u00f3n Servicios de Hospedaje<\/li>\n<li>Sobre Remuneraciones al Trabajo Personal<\/li>\n<li>Revisiones especiales (Diagn\u00f3sticos) para efectos del IMSS e INFONAVIT<\/li>\n<li>Asesor\u00eda y planeaci\u00f3n en:<\/li>\n<li>Pensiones IMSS<\/li>\n<li>Planes de retiro<\/li>\n<\/ul>\n<p>[\/et_pb_text][\/et_pb_column][et_pb_column type=&#8221;1_3&#8243; _builder_version=&#8221;4.19.5&#8243; _module_preset=&#8221;default&#8221; background_color=&#8221;#FFFFFF&#8221; custom_padding=&#8221;15px|20px|15px|20px|true|true&#8221; border_radii=&#8221;on|10px|10px|10px|10px&#8221; box_shadow_style=&#8221;preset2&#8243; global_colors_info=&#8221;{}&#8221;][et_pb_text _builder_version=&#8221;4.19.5&#8243; _module_preset=&#8221;default&#8221; text_font_size=&#8221;16px&#8221; header_2_font=&#8221;|600|||||||&#8221; header_2_text_align=&#8221;center&#8221; header_2_line_height=&#8221;1.2em&#8221; text_orientation=&#8221;center&#8221; global_colors_info=&#8221;{}&#8221;]<\/p>\n<h2>\u00bfNECESITAS AYUDA PERSONALIZADA?<\/h2>\n<p>Nosotros te podemos ayudar, usa el calendario para agendar una cita con uno de nuestros expertos<\/p>\n<p>[\/et_pb_text][et_pb_code _builder_version=&#8221;4.19.5&#8243; _module_preset=&#8221;default&#8221; global_colors_info=&#8221;{}&#8221;]<!-- Principio del widget integrado de Calendly --><!-- [et_pb_line_break_holder] --><\/p>\n<div class=\"calendly-inline-widget\" data-url=\"https:\/\/calendly.com\/bdccconsulting\/30min?hide_event_type_details=1\" style=\"min-width:320px;height:630px;\"><\/div>\n<p><!-- [et_pb_line_break_holder] --><script type=\"text\/javascript\" src=\"https:\/\/assets.calendly.com\/assets\/external\/widget.js\" async><\/script><!-- [et_pb_line_break_holder] --><!-- Final del widget integrado de Calendly -->[\/et_pb_code][\/et_pb_column][\/et_pb_row][\/et_pb_section]<\/p>\n","protected":false},"excerpt":{"rendered":"<p>We offer more than just a financial opinion; we provide a comprehensive risk analysis in a timely manner, which adds value and informs on the strengths and weaknesses of your business, to provide greater certainty in decision making.<\/p>","protected":false},"author":2,"featured_media":12,"parent":0,"menu_order":0,"comment_status":"closed","ping_status":"closed","template":"","meta":{"_et_pb_use_builder":"on","_et_pb_old_content":"<!-- wp:image {\"id\":28,\"sizeSlug\":\"large\",\"linkDestination\":\"none\"} -->\n<figure class=\"wp-block-image size-large\"><img src=\"https:\/\/bdccconsulting.com\/wp-content\/uploads\/2022\/12\/Gold-Blue-Law-Firm-Sleek-Corporate-Law-Firm-Website-1-1024x576.png\" alt=\"\" class=\"wp-image-28\"\/><\/figure>\n<!-- \/wp:image -->\n\n<!-- wp:paragraph -->\n<p><strong>Puntualidad \u00b7 Cumplimiento<\/strong><\/p>\n<!-- \/wp:paragraph -->\n\n<!-- wp:paragraph -->\n<p>Las auditor\u00edas para efectos de contribuciones locales del IMSS y del INFONAVIT, son importantes para el correcto pago de las obligaciones a cargo de las empresas y en su car\u00e1cter de retenedor.<\/p>\n<!-- \/wp:paragraph -->\n\n<!-- wp:paragraph -->\n<p>Nuestros expertos buscar\u00e1n optimizar, en estricto apego a las disposiciones fiscales y dentro del marco legal, la carga tributaria y el control interno aplicable a dichas contribuciones.<\/p>\n<!-- \/wp:paragraph -->\n\n<!-- wp:paragraph -->\n<p><strong>Nuestros servicios<\/strong> <strong>consisten en:<\/strong><\/p>\n<!-- \/wp:paragraph -->\n\n<!-- wp:list -->\n<ul><!-- wp:list-item -->\n<li>Dict\u00e1menes para efectos del IMSS e INFONAVIT<\/li>\n<!-- \/wp:list-item -->\n\n<!-- wp:list-item -->\n<li>De contribuciones locales para: Cd. de M\u00e9xico, Edo. de M\u00e9xico, Guerrero, Oaxaca, Quintana Roo, S.L.P. Veracruz y Zacatecas, de los impuestos y contribuciones que apliquen para cada Entidad:<!-- wp:list -->\n<ul><!-- wp:list-item -->\n<li>Sobre n\u00f3minas<\/li>\n<!-- \/wp:list-item -->\n\n<!-- wp:list-item -->\n<li>Predial<\/li>\n<!-- \/wp:list-item -->\n\n<!-- wp:list-item -->\n<li>Derechos por el Suministro de Agua<\/li>\n<!-- \/wp:list-item -->\n\n<!-- wp:list-item -->\n<li>Derechos de Descarga a la Red de Drenaje<\/li>\n<!-- \/wp:list-item -->\n\n<!-- wp:list-item -->\n<li>Por Prestaci\u00f3n Servicios de Hospedaje<\/li>\n<!-- \/wp:list-item -->\n\n<!-- wp:list-item -->\n<li>Sobre Remuneraciones al Trabajo Personal<\/li>\n<!-- \/wp:list-item --><\/ul>\n<!-- \/wp:list --><\/li>\n<!-- \/wp:list-item -->\n\n<!-- wp:list-item -->\n<li>Revisiones especiales (Diagn\u00f3sticos) para efectos del IMSS e INFONAVIT<!-- wp:list -->\n<ul><!-- wp:list-item -->\n<li>Asesor\u00eda y planeaci\u00f3n en:<\/li>\n<!-- \/wp:list-item -->\n\n<!-- wp:list-item -->\n<li>Pensiones IMSS<\/li>\n<!-- \/wp:list-item -->\n\n<!-- wp:list-item -->\n<li>Planes de retiro<\/li>\n<!-- \/wp:list-item --><\/ul>\n<!-- \/wp:list --><\/li>\n<!-- \/wp:list-item --><\/ul>\n<!-- \/wp:list -->","_et_gb_content_width":"","content-type":"","footnotes":""},"jetpack_sharing_enabled":true,"_links":{"self":[{"href":"https:\/\/bdccconsulting.com\/en\/wp-json\/wp\/v2\/pages\/270"}],"collection":[{"href":"https:\/\/bdccconsulting.com\/en\/wp-json\/wp\/v2\/pages"}],"about":[{"href":"https:\/\/bdccconsulting.com\/en\/wp-json\/wp\/v2\/types\/page"}],"author":[{"embeddable":true,"href":"https:\/\/bdccconsulting.com\/en\/wp-json\/wp\/v2\/users\/2"}],"replies":[{"embeddable":true,"href":"https:\/\/bdccconsulting.com\/en\/wp-json\/wp\/v2\/comments?post=270"}],"version-history":[{"count":11,"href":"https:\/\/bdccconsulting.com\/en\/wp-json\/wp\/v2\/pages\/270\/revisions"}],"predecessor-version":[{"id":492,"href":"https:\/\/bdccconsulting.com\/en\/wp-json\/wp\/v2\/pages\/270\/revisions\/492"}],"wp:featuredmedia":[{"embeddable":true,"href":"https:\/\/bdccconsulting.com\/en\/wp-json\/wp\/v2\/media\/12"}],"wp:attachment":[{"href":"https:\/\/bdccconsulting.com\/en\/wp-json\/wp\/v2\/media?parent=270"}],"curies":[{"name":"wp","href":"https:\/\/api.w.org\/{rel}","templated":true}]}}