{"id":279,"date":"2022-12-19T22:02:54","date_gmt":"2022-12-19T22:02:54","guid":{"rendered":"https:\/\/bdccconsulting.com\/?page_id=279"},"modified":"2023-02-02T23:25:16","modified_gmt":"2023-02-02T23:25:16","slug":"contabilidad","status":"publish","type":"page","link":"https:\/\/bdccconsulting.com\/en\/contabilidad\/","title":{"rendered":"ACCOUNTING"},"content":{"rendered":"<p>[et_pb_section fb_built=&#8221;1&#8243; _builder_version=&#8221;4.19.5&#8243; _module_preset=&#8221;default&#8221; custom_margin=&#8221;0px||0px||true|false&#8221; custom_padding=&#8221;50px||0px||false|false&#8221; global_colors_info=&#8221;{}&#8221;][et_pb_row column_structure=&#8221;3_4,1_4&#8243; _builder_version=&#8221;4.19.5&#8243; _module_preset=&#8221;default&#8221; width=&#8221;100%&#8221; max_width=&#8221;100%&#8221; custom_margin=&#8221;0px||0px||true|false&#8221; custom_padding=&#8221;0px||0px||true|false&#8221; global_colors_info=&#8221;{}&#8221;][et_pb_column type=&#8221;3_4&#8243; _builder_version=&#8221;4.19.5&#8243; _module_preset=&#8221;default&#8221; global_colors_info=&#8221;{}&#8221;][et_pb_text _builder_version=&#8221;4.19.5&#8243; _module_preset=&#8221;default&#8221; header_font=&#8221;|700||on|||||&#8221; header_text_align=&#8221;left&#8221; header_text_color=&#8221;#FFFFFF&#8221; header_font_size=&#8221;50px&#8221; background_color=&#8221;#1a5da2&#8243; custom_padding=&#8221;8px|20px||185px|false|false&#8221; custom_padding_tablet=&#8221;|0px||70px|false|false&#8221; custom_padding_phone=&#8221;|0px||0px|false|false&#8221; custom_padding_last_edited=&#8221;on|desktop&#8221; border_radii=&#8221;off||10px|10px|&#8221; box_shadow_style=&#8221;preset2&#8243; global_colors_info=&#8221;{}&#8221;]<\/p>\n<h1>CONTABILIDAD<\/h1>\n<p>[\/et_pb_text][\/et_pb_column][et_pb_column type=&#8221;1_4&#8243; _builder_version=&#8221;4.19.5&#8243; _module_preset=&#8221;default&#8221; global_colors_info=&#8221;{}&#8221;][\/et_pb_column][\/et_pb_row][\/et_pb_section][et_pb_section fb_built=&#8221;1&#8243; _builder_version=&#8221;4.19.5&#8243; _module_preset=&#8221;default&#8221; background_image=&#8221;https:\/\/bdccconsulting.com\/wp-content\/uploads\/2023\/01\/Negro-y-Blanco-Fotografico-Servicio-de-Contabilidad-Sitio-Web.png&#8221; custom_padding=&#8221;35px||35px|||&#8221; global_colors_info=&#8221;{}&#8221;][et_pb_row column_structure=&#8221;2_3,1_3&#8243; use_custom_gutter=&#8221;on&#8221; gutter_width=&#8221;2&#8243; _builder_version=&#8221;4.19.5&#8243; _module_preset=&#8221;default&#8221; global_colors_info=&#8221;{}&#8221;][et_pb_column type=&#8221;2_3&#8243; _builder_version=&#8221;4.19.5&#8243; _module_preset=&#8221;default&#8221; global_colors_info=&#8221;{}&#8221;][et_pb_text _builder_version=&#8221;4.19.5&#8243; _module_preset=&#8221;default&#8221; text_font_size=&#8221;16px&#8221; header_2_font=&#8221;|600|||||||&#8221; global_colors_info=&#8221;{}&#8221;]Los servicios desarrollados por nuestros expertos de la materia (contable y fiscal) se aseguran que los estados financieros y los c\u00e1lculos de impuestos correspondientes, estar\u00e1n determinados de acuerdo con las normas y regulaciones vigentes.<\/p>\n<p>El expertise y enfoque de nuestros servicios proporciona la informaci\u00f3n financiera de manera oportuna a efectos de realizar la toma de decisiones corporativas de una manera efectiva y mitigando riesgos que surjan de la coyuntura.<\/p>\n<p>Nuestra experiencia nos permite afrontar todo tipo de operaciones de una empresa, independientemente de su complejidad. Derivado de lo anterior, nuestro servicio permite a la entidad enfocar sus esfuerzos en la conducci\u00f3n de su negocio.<\/p>\n<p>Nuestros servicios de la materia son los siguientes:[\/et_pb_text][et_pb_text _builder_version=&#8221;4.19.5&#8243; _module_preset=&#8221;default&#8221; text_font_size=&#8221;16px&#8221; header_2_font=&#8221;|600|||||||&#8221; global_colors_info=&#8221;{}&#8221;]<\/p>\n<div class=\"page\" title=\"Page 8\">\n<div class=\"section\">\n<div class=\"layoutArea\">\n<div class=\"column\">\n<ul>\n<li><span>Back office administrativo<\/span><\/li>\n<li><span>Registro contable y emisio\u0301n de estados financieros de acuerdo con Normas de Informacio\u0301n Financiera mexicanas y otras (IFRS y USGAAP)<\/span><\/li>\n<li><span>Cumplimiento de obligaciones fiscales<\/span><\/li>\n<li><span>Regularizacio\u0301n contable<\/span><\/li>\n<li><span>Contabilidad electro\u0301nica<\/span><\/li>\n<li><span>Ana\u0301lisis te\u0301cnico de po\u0301lizas electro\u0301nicas <\/span><\/li>\n<\/ul>\n<\/div>\n<\/div>\n<\/div>\n<\/div>\n<p>[\/et_pb_text][et_pb_image src=&#8221;https:\/\/bdccconsulting.com\/wp-content\/uploads\/2023\/02\/Screen-Shot-2023-02-02-at-17.21.55.png&#8221; _builder_version=&#8221;4.19.5&#8243; _module_preset=&#8221;default&#8221; hover_enabled=&#8221;0&#8243; sticky_enabled=&#8221;0&#8243; title_text=&#8221;Screen Shot 2023-02-02 at 17.21.55&#8243; show_bottom_space=&#8221;off&#8221; max_height=&#8221;280px&#8221;][\/et_pb_image][\/et_pb_column][et_pb_column type=&#8221;1_3&#8243; _builder_version=&#8221;4.19.5&#8243; _module_preset=&#8221;default&#8221; background_color=&#8221;#FFFFFF&#8221; custom_padding=&#8221;15px|20px|15px|20px|true|true&#8221; border_radii=&#8221;on|10px|10px|10px|10px&#8221; box_shadow_style=&#8221;preset2&#8243; global_colors_info=&#8221;{}&#8221;][et_pb_text _builder_version=&#8221;4.19.5&#8243; _module_preset=&#8221;default&#8221; text_font_size=&#8221;16px&#8221; header_2_font=&#8221;|600|||||||&#8221; header_2_text_align=&#8221;center&#8221; header_2_line_height=&#8221;1.2em&#8221; text_orientation=&#8221;center&#8221; global_colors_info=&#8221;{}&#8221;]<\/p>\n<h2>\u00bfNECESITAS AYUDA PERSONALIZADA?<\/h2>\n<p>Nosotros te podemos ayudar, usa el calendario para agendar una cita con uno de nuestros expertos<\/p>\n<p>[\/et_pb_text][et_pb_code _builder_version=&#8221;4.19.5&#8243; _module_preset=&#8221;default&#8221; global_colors_info=&#8221;{}&#8221;]<!-- Principio del widget integrado de Calendly --><!-- [et_pb_line_break_holder] --><\/p>\n<div class=\"calendly-inline-widget\" data-url=\"https:\/\/calendly.com\/bdccconsulting\/30min?hide_event_type_details=1\" style=\"min-width:320px;height:630px;\"><\/div>\n<p><!-- [et_pb_line_break_holder] --><script type=\"text\/javascript\" src=\"https:\/\/assets.calendly.com\/assets\/external\/widget.js\" async><\/script><!-- [et_pb_line_break_holder] --><!-- Final del widget integrado de Calendly -->[\/et_pb_code][\/et_pb_column][\/et_pb_row][\/et_pb_section]<\/p>\n","protected":false},"excerpt":{"rendered":"<p>We offer more than just a financial opinion; we provide a comprehensive risk analysis in a timely manner, which adds value and informs on the strengths and weaknesses of your business, to provide greater certainty in decision making.<\/p>","protected":false},"author":2,"featured_media":12,"parent":0,"menu_order":0,"comment_status":"closed","ping_status":"closed","template":"","meta":{"_et_pb_use_builder":"on","_et_pb_old_content":"<!-- wp:image {\"id\":28,\"sizeSlug\":\"large\",\"linkDestination\":\"none\"} -->\n<figure class=\"wp-block-image size-large\"><img src=\"https:\/\/bdccconsulting.com\/wp-content\/uploads\/2022\/12\/Gold-Blue-Law-Firm-Sleek-Corporate-Law-Firm-Website-1-1024x576.png\" alt=\"\" class=\"wp-image-28\"\/><\/figure>\n<!-- \/wp:image -->\n\n<!-- wp:paragraph -->\n<p><strong><strong>Atenci\u00f3n \u00b7 Eficiencia \u00b7 Oportunidad<\/strong><\/strong><\/p>\n<!-- \/wp:paragraph -->\n\n<!-- wp:paragraph -->\n<p>M\u00e1s all\u00e1 del simple control de libros, nuestros expertos contables y fiscales se aseguran que los estados financieros y los c\u00e1lculos de impuestos correspondientes, estar\u00e1n determinados de acuerdo con las normas y regulaciones emitidas por la profesi\u00f3n y autoridades fiscales, garantizando que la informaci\u00f3n financiera sea recibida oportunamente, lo cual es b\u00e1sico para la adecuada toma de decisiones de la empresa.<\/p>\n<!-- \/wp:paragraph -->\n\n<!-- wp:paragraph -->\n<p>Tenemos la capacidad y experiencia para entender todo tipo de operaciones de una empresa, desde las m\u00e1s b\u00e1sicas, hasta las m\u00e1s complejas. Deje en nuestras manos el registro de las operaciones vitales, para que usted enfoque su valioso tiempo a la conducci\u00f3n de su negocio.<\/p>\n<!-- \/wp:paragraph -->\n\n<!-- wp:paragraph -->\n<p>Nos hemos especializado en atender a los negocios que prefieren manejar su contabilidad por medio de un proveedor externo, donde tenemos las soluciones a la medida de lo que usted requiere.<\/p>\n<!-- \/wp:paragraph -->\n\n<!-- wp:paragraph -->\n<p><strong>Le ayudamos, c\u00f3mo, cu\u00e1ndo <\/strong> <strong>y d\u00f3nde lo necesite:<\/strong><\/p>\n<!-- \/wp:paragraph -->\n\n<!-- wp:list -->\n<ul><!-- wp:list-item -->\n<li>BPO (tercerizaci\u00f3n) de contabilidad<\/li>\n<!-- \/wp:list-item -->\n\n<!-- wp:list-item -->\n<li>Back office administrativo<\/li>\n<!-- \/wp:list-item -->\n\n<!-- wp:list-item -->\n<li>Registro contable y emisi\u00f3n de estados financieros de acuerdo con Normas de Informaci\u00f3n Financiera mexicanas y otras (IFRS y USGAAP)<\/li>\n<!-- \/wp:list-item -->\n\n<!-- wp:list-item -->\n<li>Cumplimiento de obligaciones fiscales<\/li>\n<!-- \/wp:list-item -->\n\n<!-- wp:list-item -->\n<li>Regularizaci\u00f3n contable<\/li>\n<!-- \/wp:list-item -->\n\n<!-- wp:list-item -->\n<li>Contabilidad electr\u00f3nica<\/li>\n<!-- \/wp:list-item --><\/ul>\n<!-- \/wp:list -->","_et_gb_content_width":"","content-type":"","footnotes":""},"jetpack_sharing_enabled":true,"_links":{"self":[{"href":"https:\/\/bdccconsulting.com\/en\/wp-json\/wp\/v2\/pages\/279"}],"collection":[{"href":"https:\/\/bdccconsulting.com\/en\/wp-json\/wp\/v2\/pages"}],"about":[{"href":"https:\/\/bdccconsulting.com\/en\/wp-json\/wp\/v2\/types\/page"}],"author":[{"embeddable":true,"href":"https:\/\/bdccconsulting.com\/en\/wp-json\/wp\/v2\/users\/2"}],"replies":[{"embeddable":true,"href":"https:\/\/bdccconsulting.com\/en\/wp-json\/wp\/v2\/comments?post=279"}],"version-history":[{"count":6,"href":"https:\/\/bdccconsulting.com\/en\/wp-json\/wp\/v2\/pages\/279\/revisions"}],"predecessor-version":[{"id":677,"href":"https:\/\/bdccconsulting.com\/en\/wp-json\/wp\/v2\/pages\/279\/revisions\/677"}],"wp:featuredmedia":[{"embeddable":true,"href":"https:\/\/bdccconsulting.com\/en\/wp-json\/wp\/v2\/media\/12"}],"wp:attachment":[{"href":"https:\/\/bdccconsulting.com\/en\/wp-json\/wp\/v2\/media?parent=279"}],"curies":[{"name":"wp","href":"https:\/\/api.w.org\/{rel}","templated":true}]}}