{"id":286,"date":"2022-12-19T22:08:58","date_gmt":"2022-12-19T22:08:58","guid":{"rendered":"https:\/\/bdccconsulting.com\/?page_id=286"},"modified":"2022-12-19T22:13:20","modified_gmt":"2022-12-19T22:13:20","slug":"derecho","status":"publish","type":"page","link":"https:\/\/bdccconsulting.com\/en\/derecho\/","title":{"rendered":"DERECHO TECNOL\u00d3GICO Y REGULACI\u00d3N DIGITAL"},"content":{"rendered":"<figure class=\"wp-block-image size-large\"><img data-recalc-dims=\"1\" loading=\"lazy\" decoding=\"async\" width=\"1024\" height=\"576\" src=\"https:\/\/i0.wp.com\/bdccconsulting.com\/wp-content\/uploads\/2022\/12\/Gold-Blue-Law-Firm-Sleek-Corporate-Law-Firm-Website-1.png?resize=1024%2C576&#038;ssl=1\" alt=\"\" class=\"wp-image-28\" srcset=\"https:\/\/bdccconsulting.com\/wp-content\/uploads\/2022\/12\/Gold-Blue-Law-Firm-Sleek-Corporate-Law-Firm-Website-1-980x551.png 980w, https:\/\/bdccconsulting.com\/wp-content\/uploads\/2022\/12\/Gold-Blue-Law-Firm-Sleek-Corporate-Law-Firm-Website-1-480x270.png 480w\" sizes=\"(min-width: 0px) and (max-width: 480px) 480px, (min-width: 481px) and (max-width: 980px) 980px, (min-width: 981px) 1024px, 100vw\" \/><\/figure>\n\n\n\n<p><strong><strong>Evoluci\u00f3n \u00b7 Tecnolog\u00eda \u00b7 Regulaci\u00f3n<\/strong><\/strong><\/p>\n\n\n\n<p>La tecnolog\u00eda evoluciona constantemente y con ello tambi\u00e9n la forma de hacer negocios; las leyes y regulaciones en diversas materias se adecuan a los nuevos tiempos, por lo que actualmente existen empresas de econom\u00eda datificada (aquellas en las que el dato son el activo m\u00e1s importante de la empresa) y de entorno digital (aquellas que comercializan bienes o prestan servicios mediante canales digitales).<\/p>\n\n\n\n<p>Es importante se\u00f1alar que cada vez m\u00e1s disposiciones jur\u00eddicas en M\u00e9xico se refieren a derechos y obligaciones relacionados a temas tecnol\u00f3gicos y digitales, mismos que no s\u00f3lo aplican a empresas de tecnolog\u00eda, sino a cualquiera (c\u00f3digo fiscal de la federaci\u00f3n, ley federal del trabajo, ley federal de protecci\u00f3n al consumidor, c\u00f3digo penal, c\u00f3digo civil y c\u00f3digo de comercio, entre otras), por lo que una adecuada asesor\u00eda es fundamental para brindar tranquilidad y seguridad jur\u00eddica a las empresas.<\/p>\n\n\n\n<p><strong>Lo anterior a partir de un profundo conocimiento de la regulaci\u00f3n aplicable (nacional e internacional), brindando asesoramiento en materias como:<\/strong><\/p>\n\n\n\n<ul>\n<li>Contratos inteligentes<\/li>\n\n\n\n<li>Firma electr\u00f3nica<\/li>\n\n\n\n<li>Activos digitales (Criptomonedas)<\/li>\n\n\n\n<li>Identificaci\u00f3n biom\u00e9trica<\/li>\n\n\n\n<li>Identidad digital<\/li>\n\n\n\n<li>Derechos humanos digitales<\/li>\n\n\n\n<li>Geolocalizaci\u00f3n<\/li>\n\n\n\n<li>Protecci\u00f3n de datos<\/li>\n\n\n\n<li>Fintech<\/li>\n\n\n\n<li>Crowdfunding<\/li>\n\n\n\n<li>Blockchain<\/li>\n\n\n\n<li>E-commerce<\/li>\n\n\n\n<li>Delitos tecnol\u00f3gicos<\/li>\n\n\n\n<li>Internet de las cosas<\/li>\n\n\n\n<li>Robo de identidad<\/li>\n\n\n\n<li>Inteligencia artificial<\/li>\n\n\n\n<li>Registro electr\u00f3nico de marcas<\/li>\n\n\n\n<li>Intangibles<\/li>\n\n\n\n<li>Impuestos digitales<\/li>\n\n\n\n<li>Erosi\u00f3n de base imponible (BEPS)<\/li>\n\n\n\n<li>Pruebas en materia electr\u00f3nica<\/li>\n\n\n\n<li>Otras relacionadas<\/li>\n<\/ul>\n\n\n\n<p>De igual manera, brindamos capacitaci\u00f3n especializada en materia de derecho tecnol\u00f3gico y regulaci\u00f3n digital as\u00ed como servicios de auditor\u00eda forense digital.<\/p>","protected":false},"excerpt":{"rendered":"<p>We offer more than just a financial opinion; we provide a comprehensive risk analysis in a timely manner, which adds value and informs on the strengths and weaknesses of your business, to provide greater certainty in decision making.<\/p>","protected":false},"author":2,"featured_media":12,"parent":0,"menu_order":0,"comment_status":"closed","ping_status":"closed","template":"","meta":{"_et_pb_use_builder":"","_et_pb_old_content":"","_et_gb_content_width":"","content-type":"","footnotes":""},"jetpack_sharing_enabled":true,"_links":{"self":[{"href":"https:\/\/bdccconsulting.com\/en\/wp-json\/wp\/v2\/pages\/286"}],"collection":[{"href":"https:\/\/bdccconsulting.com\/en\/wp-json\/wp\/v2\/pages"}],"about":[{"href":"https:\/\/bdccconsulting.com\/en\/wp-json\/wp\/v2\/types\/page"}],"author":[{"embeddable":true,"href":"https:\/\/bdccconsulting.com\/en\/wp-json\/wp\/v2\/users\/2"}],"replies":[{"embeddable":true,"href":"https:\/\/bdccconsulting.com\/en\/wp-json\/wp\/v2\/comments?post=286"}],"version-history":[{"count":2,"href":"https:\/\/bdccconsulting.com\/en\/wp-json\/wp\/v2\/pages\/286\/revisions"}],"predecessor-version":[{"id":288,"href":"https:\/\/bdccconsulting.com\/en\/wp-json\/wp\/v2\/pages\/286\/revisions\/288"}],"wp:featuredmedia":[{"embeddable":true,"href":"https:\/\/bdccconsulting.com\/en\/wp-json\/wp\/v2\/media\/12"}],"wp:attachment":[{"href":"https:\/\/bdccconsulting.com\/en\/wp-json\/wp\/v2\/media?parent=286"}],"curies":[{"name":"wp","href":"https:\/\/api.w.org\/{rel}","templated":true}]}}