{"id":320,"date":"2022-12-19T22:48:29","date_gmt":"2022-12-19T22:48:29","guid":{"rendered":"https:\/\/bdccconsulting.com\/?page_id=320"},"modified":"2023-02-02T23:27:08","modified_gmt":"2023-02-02T23:27:08","slug":"business-consulting","status":"publish","type":"page","link":"https:\/\/bdccconsulting.com\/en\/business-consulting\/","title":{"rendered":"BUSINESS CONSULTING"},"content":{"rendered":"<p>[et_pb_section fb_built=&#8221;1&#8243; _builder_version=&#8221;4.19.5&#8243; _module_preset=&#8221;default&#8221; custom_margin=&#8221;0px||0px||true|false&#8221; custom_padding=&#8221;50px||0px||false|false&#8221; global_colors_info=&#8221;{}&#8221;][et_pb_row column_structure=&#8221;3_4,1_4&#8243; _builder_version=&#8221;4.19.5&#8243; _module_preset=&#8221;default&#8221; width=&#8221;100%&#8221; max_width=&#8221;100%&#8221; custom_margin=&#8221;0px||0px||true|false&#8221; custom_padding=&#8221;0px||0px||true|false&#8221; global_colors_info=&#8221;{}&#8221;][et_pb_column type=&#8221;3_4&#8243; _builder_version=&#8221;4.19.5&#8243; _module_preset=&#8221;default&#8221; global_colors_info=&#8221;{}&#8221;][et_pb_text _builder_version=&#8221;4.19.5&#8243; _module_preset=&#8221;default&#8221; header_font=&#8221;|700||on|||||&#8221; header_text_align=&#8221;left&#8221; header_text_color=&#8221;#FFFFFF&#8221; header_font_size=&#8221;50px&#8221; background_color=&#8221;#1a5da2&#8243; custom_padding=&#8221;8px|20px||185px|false|false&#8221; custom_padding_tablet=&#8221;|0px||70px|false|false&#8221; custom_padding_phone=&#8221;|0px||0px|false|false&#8221; custom_padding_last_edited=&#8221;on|desktop&#8221; border_radii=&#8221;off||10px|10px|&#8221; box_shadow_style=&#8221;preset2&#8243; global_colors_info=&#8221;{}&#8221;]<\/p>\n<h1>CONSULTOR\u00cdA DE NEGOCIOS<\/h1>\n<p>[\/et_pb_text][\/et_pb_column][et_pb_column type=&#8221;1_4&#8243; _builder_version=&#8221;4.19.5&#8243; _module_preset=&#8221;default&#8221; global_colors_info=&#8221;{}&#8221;][\/et_pb_column][\/et_pb_row][\/et_pb_section][et_pb_section fb_built=&#8221;1&#8243; _builder_version=&#8221;4.19.5&#8243; _module_preset=&#8221;default&#8221; background_image=&#8221;https:\/\/bdccconsulting.com\/wp-content\/uploads\/2023\/01\/Negro-y-Blanco-Fotografico-Servicio-de-Contabilidad-Sitio-Web.png&#8221; custom_padding=&#8221;35px||35px|||&#8221; global_colors_info=&#8221;{}&#8221;][et_pb_row column_structure=&#8221;2_3,1_3&#8243; use_custom_gutter=&#8221;on&#8221; gutter_width=&#8221;2&#8243; _builder_version=&#8221;4.19.5&#8243; _module_preset=&#8221;default&#8221; hover_enabled=&#8221;0&#8243; global_colors_info=&#8221;{}&#8221; sticky_enabled=&#8221;0&#8243;][et_pb_column type=&#8221;2_3&#8243; _builder_version=&#8221;4.19.5&#8243; _module_preset=&#8221;default&#8221; global_colors_info=&#8221;{}&#8221;][et_pb_text _builder_version=&#8221;4.19.5&#8243; _module_preset=&#8221;default&#8221; text_font_size=&#8221;16px&#8221; header_2_font=&#8221;|600|||||||&#8221; global_colors_info=&#8221;{}&#8221;]An\u00e1lisis de los procesos que dan valor a una empresa, sea p\u00fablica o privada, apoyando con las mejores ideas y as\u00ed disminuir riesgos y costos, as\u00ed como identificar\u00e1n las \u00e1reas de oportunidad y sinergias para darle la ventaja competitiva a su negocio.[\/et_pb_text][et_pb_text _builder_version=&#8221;4.19.5&#8243; _module_preset=&#8221;default&#8221; text_font_size=&#8221;16px&#8221; header_2_font=&#8221;|600|||||||&#8221; global_colors_info=&#8221;{}&#8221;]<\/p>\n<h2>ESTRATEGIA Y DESARROLLO ORGANIZACIONAL<\/h2>\n<ul>\n<li>Reingenier\u00eda de procesos de negocio<\/li>\n<li>Diagn\u00f3stico de efectividad operacional<\/li>\n<li>Implementaci\u00f3n y desarrollo del mapa organizacional<\/li>\n<li>Implementaci\u00f3n y pr\u00e1ctica de metodolog\u00eda Kaysen y 5\u2019S<\/li>\n<li>Implementaci\u00f3n y desarrollo de Gobierno Corporativo<\/li>\n<li>Benchmarking<\/li>\n<li>Desarrollo de modelos de negocio<\/li>\n<li>Desarrollo de actividades de Direcci\u00f3n de Finanzas y Contralor\u00eda<\/li>\n<li>Planeaci\u00f3n estrat\u00e9gica y tablero de control<\/li>\n<li>Elaboraci\u00f3n y\/o recomendaciones sobre planes de negocios y presupuestos<\/li>\n<li>Determinaci\u00f3n, desarrollo y administraci\u00f3n del tablero de control y Key Performance Indicators (KPI\u2019s)<\/li>\n<\/ul>\n<p>[\/et_pb_text][et_pb_text _builder_version=&#8221;4.19.5&#8243; _module_preset=&#8221;default&#8221; text_font_size=&#8221;16px&#8221; header_2_font=&#8221;|600|||||||&#8221; global_colors_info=&#8221;{}&#8221;]<\/p>\n<h2>GESTI\u00d3N DE RIESGOS<\/h2>\n<ul>\n<li>Evaluaci\u00f3n de riesgos potenciales<\/li>\n<li>Diagn\u00f3stico de la estructura y administraci\u00f3n de riesgos<\/li>\n<li>Administraci\u00f3n y gesti\u00f3n del cambio<\/li>\n<li>Administraci\u00f3n de proyectos<\/li>\n<li>Matriz de riesgos<\/li>\n<\/ul>\n<p>[\/et_pb_text][et_pb_text _builder_version=&#8221;4.19.5&#8243; _module_preset=&#8221;default&#8221; text_font_size=&#8221;16px&#8221; header_2_font=&#8221;|600|||||||&#8221; global_colors_info=&#8221;{}&#8221;]<\/p>\n<h2>CONTROL INTERNO<\/h2>\n<ul>\n<li>Revisi\u00f3n de controles, procesos financieros y aplicativos<\/li>\n<li>Documentaci\u00f3n de procesos de negocio y controles internos relacionados<\/li>\n<li>Ambiente de control y desarrollo de pol\u00edticas y procedimientos<\/li>\n<li>Sistemas de control interno<\/li>\n<li>Mejora de procesos y servicios de sustentabilidad<\/li>\n<\/ul>\n<p>[\/et_pb_text][et_pb_text _builder_version=&#8221;4.19.5&#8243; _module_preset=&#8221;default&#8221; text_font_size=&#8221;16px&#8221; header_2_font=&#8221;|600|||||||&#8221; global_colors_info=&#8221;{}&#8221;]<\/p>\n<h2>DETERMINACI\u00d3N DE VALUACIONES<br \/>FINANCIERAS ESPEC\u00cdFICAS<\/h2>\n<ul>\n<li>Valuaciones financieras para compa\u00f1\u00edas en liquidaci\u00f3n o venta<\/li>\n<li>C\u00e1lculo y determinaci\u00f3n de Impairment<\/li>\n<\/ul>\n<p>[\/et_pb_text][\/et_pb_column][et_pb_column type=&#8221;1_3&#8243; _builder_version=&#8221;4.19.5&#8243; _module_preset=&#8221;default&#8221; background_color=&#8221;#FFFFFF&#8221; custom_padding=&#8221;15px|20px|15px|20px|true|true&#8221; hover_enabled=&#8221;0&#8243; border_radii=&#8221;on|10px|10px|10px|10px&#8221; box_shadow_style=&#8221;preset2&#8243; global_colors_info=&#8221;{}&#8221; sticky_position=&#8221;top&#8221; sticky_limit_bottom=&#8221;section&#8221; sticky_enabled=&#8221;0&#8243;][et_pb_text _builder_version=&#8221;4.19.5&#8243; _module_preset=&#8221;default&#8221; text_font_size=&#8221;16px&#8221; header_2_font=&#8221;|600|||||||&#8221; header_2_text_align=&#8221;center&#8221; header_2_line_height=&#8221;1.2em&#8221; text_orientation=&#8221;center&#8221; global_colors_info=&#8221;{}&#8221;]<\/p>\n<h2>\u00bfNECESITAS AYUDA PERSONALIZADA?<\/h2>\n<p>Nosotros te podemos ayudar, usa el calendario para agendar una cita con uno de nuestros expertos<\/p>\n<p>[\/et_pb_text][et_pb_code _builder_version=&#8221;4.19.5&#8243; _module_preset=&#8221;default&#8221; global_colors_info=&#8221;{}&#8221;]<!-- Principio del widget integrado de Calendly --><!-- [et_pb_line_break_holder] --><\/p>\n<div class=\"calendly-inline-widget\" data-url=\"https:\/\/calendly.com\/bdccconsulting\/30min?hide_event_type_details=1\" style=\"min-width:320px;height:630px;\"><\/div>\n<p><!-- [et_pb_line_break_holder] --><script type=\"text\/javascript\" src=\"https:\/\/assets.calendly.com\/assets\/external\/widget.js\" async><\/script><!-- [et_pb_line_break_holder] --><!-- Final del widget integrado de Calendly -->[\/et_pb_code][\/et_pb_column][\/et_pb_row][\/et_pb_section]<\/p>\n","protected":false},"excerpt":{"rendered":"<p>We offer more than just a financial opinion; we provide a comprehensive risk analysis in a timely manner, which adds value and informs on the strengths and weaknesses of your business, to provide greater certainty in decision making.<\/p>","protected":false},"author":2,"featured_media":12,"parent":0,"menu_order":0,"comment_status":"closed","ping_status":"closed","template":"","meta":{"_et_pb_use_builder":"on","_et_pb_old_content":"<!-- wp:image {\"id\":28,\"sizeSlug\":\"large\",\"linkDestination\":\"none\"} -->\n<figure class=\"wp-block-image size-large\"><img src=\"https:\/\/bdccconsulting.com\/wp-content\/uploads\/2022\/12\/Gold-Blue-Law-Firm-Sleek-Corporate-Law-Firm-Website-1-1024x576.png\" alt=\"\" class=\"wp-image-28\"\/><\/figure>\n<!-- \/wp:image -->\n\n<!-- wp:paragraph -->\n<p><strong>Innovaci\u00f3n \u00b7 Competencia<\/strong><\/p>\n<!-- \/wp:paragraph -->\n\n<!-- wp:paragraph -->\n<p>La din\u00e1mica global exige un an\u00e1lisis de los procesos que dan valor a una empresa, sea p\u00fablica o privada.<\/p>\n<!-- \/wp:paragraph -->\n\n<!-- wp:paragraph -->\n<p>Nuestros expertos le apoyar\u00e1n con las mejores ideas y la perspectiva justa para disminuir riesgos y costos, as\u00ed como identificar\u00e1n las \u00e1reas de oportunidad y sinergias para darle la ventaja competitiva a su negocio.<\/p>\n<!-- \/wp:paragraph -->\n\n<!-- wp:paragraph -->\n<p><strong>Estrategia y desarrollo organizacional<\/strong>:<\/p>\n<!-- \/wp:paragraph -->\n\n<!-- wp:list -->\n<ul><!-- wp:list-item -->\n<li>Desarrollo de actividades de Direcci\u00f3n de Finanzas y Contralor\u00eda<\/li>\n<!-- \/wp:list-item -->\n\n<!-- wp:list-item -->\n<li>Planeaci\u00f3n estrat\u00e9gica y tablero de control<\/li>\n<!-- \/wp:list-item -->\n\n<!-- wp:list-item -->\n<li>Reingenier\u00eda de procesos de negocio<\/li>\n<!-- \/wp:list-item -->\n\n<!-- wp:list-item -->\n<li>Diagn\u00f3stico de efectividad operacional<\/li>\n<!-- \/wp:list-item -->\n\n<!-- wp:list-item -->\n<li>Implementaci\u00f3n y desarrollo de Gobierno Corporativo<\/li>\n<!-- \/wp:list-item -->\n\n<!-- wp:list-item -->\n<li>Benchmarking<\/li>\n<!-- \/wp:list-item -->\n\n<!-- wp:list-item -->\n<li>Desarrollo de modelos de negocio<\/li>\n<!-- \/wp:list-item -->\n\n<!-- wp:list-item -->\n<li>Elaboraci\u00f3n y\/o recomendaciones sobre planes de negocios y<\/li>\n<!-- \/wp:list-item -->\n\n<!-- wp:list-item -->\n<li>presupuestos<\/li>\n<!-- \/wp:list-item -->\n\n<!-- wp:list-item -->\n<li>Determinaci\u00f3n, desarrollo y administraci\u00f3n del tablero de control y Key Performance Indicators (KPI\u2019s)<\/li>\n<!-- \/wp:list-item -->\n\n<!-- wp:list-item -->\n<li>Implementaci\u00f3n y desarrollo del mapa organizacional<\/li>\n<!-- \/wp:list-item -->\n\n<!-- wp:list-item -->\n<li>Implementaci\u00f3n y pr\u00e1ctica de metodolog\u00eda Kaysen y 5\u2019S<\/li>\n<!-- \/wp:list-item --><\/ul>\n<!-- \/wp:list -->\n\n<!-- wp:paragraph -->\n<p><strong>Gesti\u00f3n de riesgos:<\/strong><\/p>\n<!-- \/wp:paragraph -->\n\n<!-- wp:list -->\n<ul><!-- wp:list-item -->\n<li>Administraci\u00f3n y gesti\u00f3n del cambio<\/li>\n<!-- \/wp:list-item -->\n\n<!-- wp:list-item -->\n<li>Administraci\u00f3n de proyectos<\/li>\n<!-- \/wp:list-item -->\n\n<!-- wp:list-item -->\n<li>Diagn\u00f3stico de la estructura y administraci\u00f3n de riesgos<\/li>\n<!-- \/wp:list-item -->\n\n<!-- wp:list-item -->\n<li>Matriz de riesgos<\/li>\n<!-- \/wp:list-item -->\n\n<!-- wp:list-item -->\n<li>Evaluaci\u00f3n de riesgos potenciales<\/li>\n<!-- \/wp:list-item --><\/ul>\n<!-- \/wp:list -->\n\n<!-- wp:paragraph -->\n<p><strong>Control interno<\/strong>:<\/p>\n<!-- \/wp:paragraph -->\n\n<!-- wp:list -->\n<ul><!-- wp:list-item -->\n<li>Revisi\u00f3n de controles, procesos financieros y aplicativos<\/li>\n<!-- \/wp:list-item -->\n\n<!-- wp:list-item -->\n<li>Sistemas de control interno<\/li>\n<!-- \/wp:list-item -->\n\n<!-- wp:list-item -->\n<li>Documentaci\u00f3n de procesos de negocio y controles internos relacionados<\/li>\n<!-- \/wp:list-item -->\n\n<!-- wp:list-item -->\n<li>Ambiente de &nbsp; control y &nbsp; desarrollo de &nbsp; pol\u00edticas y procedimientos&nbsp;<\/li>\n<!-- \/wp:list-item -->\n\n<!-- wp:list-item -->\n<li>Asesor\u00eda para cumplimiento de la Ley Sarbanes - Oxley<\/li>\n<!-- \/wp:list-item -->\n\n<!-- wp:list-item -->\n<li>Mejora de procesos y servicios de sustentabilidad<\/li>\n<!-- \/wp:list-item --><\/ul>\n<!-- \/wp:list -->\n\n<!-- wp:paragraph -->\n<p><strong>Determinaci\u00f3n de valuaciones financieras espec\u00edficas<\/strong>:<\/p>\n<!-- \/wp:paragraph -->\n\n<!-- wp:list -->\n<ul><!-- wp:list-item -->\n<li>C\u00e1lculo y determinaci\u00f3n de Impairment<\/li>\n<!-- \/wp:list-item -->\n\n<!-- wp:list-item -->\n<li>Valuaciones financieras para compa\u00f1\u00edas en liquidaci\u00f3n o venta<\/li>\n<!-- \/wp:list-item --><\/ul>\n<!-- \/wp:list -->\n\n<!-- wp:paragraph -->\n<p><strong>Consultor\u00eda Sector P\u00fablico<\/strong>:<\/p>\n<!-- \/wp:paragraph -->\n\n<!-- wp:list -->\n<ul><!-- wp:list-item -->\n<li>Elaboraci\u00f3n y dise\u00f1o de Libros Blancos<\/li>\n<!-- \/wp:list-item -->\n\n<!-- wp:list-item -->\n<li>Implementaci\u00f3n de programas de entrega-recepci\u00f3n<\/li>\n<!-- \/wp:list-item -->\n\n<!-- wp:list-item -->\n<li>Auditor\u00eda del desempe\u00f1o gubernamental<\/li>\n<!-- \/wp:list-item -->\n\n<!-- wp:list-item -->\n<li>Ingenier\u00eda y modernizaci\u00f3n administrativa<\/li>\n<!-- \/wp:list-item -->\n\n<!-- wp:list-item -->\n<li>Asesor\u00eda a entidades federativas en el desarrollo de iniciativas acordes al Sistema Nacional Anticorrupci\u00f3n<\/li>\n<!-- \/wp:list-item --><\/ul>\n<!-- \/wp:list -->","_et_gb_content_width":"","content-type":"","footnotes":""},"jetpack_sharing_enabled":true,"_links":{"self":[{"href":"https:\/\/bdccconsulting.com\/en\/wp-json\/wp\/v2\/pages\/320"}],"collection":[{"href":"https:\/\/bdccconsulting.com\/en\/wp-json\/wp\/v2\/pages"}],"about":[{"href":"https:\/\/bdccconsulting.com\/en\/wp-json\/wp\/v2\/types\/page"}],"author":[{"embeddable":true,"href":"https:\/\/bdccconsulting.com\/en\/wp-json\/wp\/v2\/users\/2"}],"replies":[{"embeddable":true,"href":"https:\/\/bdccconsulting.com\/en\/wp-json\/wp\/v2\/comments?post=320"}],"version-history":[{"count":7,"href":"https:\/\/bdccconsulting.com\/en\/wp-json\/wp\/v2\/pages\/320\/revisions"}],"predecessor-version":[{"id":679,"href":"https:\/\/bdccconsulting.com\/en\/wp-json\/wp\/v2\/pages\/320\/revisions\/679"}],"wp:featuredmedia":[{"embeddable":true,"href":"https:\/\/bdccconsulting.com\/en\/wp-json\/wp\/v2\/media\/12"}],"wp:attachment":[{"href":"https:\/\/bdccconsulting.com\/en\/wp-json\/wp\/v2\/media?parent=320"}],"curies":[{"name":"wp","href":"https:\/\/api.w.org\/{rel}","templated":true}]}}