{"id":323,"date":"2022-12-19T22:54:24","date_gmt":"2022-12-19T22:54:24","guid":{"rendered":"https:\/\/bdccconsulting.com\/?page_id=323"},"modified":"2023-02-02T23:20:31","modified_gmt":"2023-02-02T23:20:31","slug":"legal","status":"publish","type":"page","link":"https:\/\/bdccconsulting.com\/en\/legal\/","title":{"rendered":"LEGAL ADVICE"},"content":{"rendered":"<p>[et_pb_section fb_built=&#8221;1&#8243; _builder_version=&#8221;4.19.5&#8243; _module_preset=&#8221;default&#8221; custom_margin=&#8221;0px||0px||true|false&#8221; custom_padding=&#8221;50px||0px||false|false&#8221; global_colors_info=&#8221;{}&#8221;][et_pb_row column_structure=&#8221;3_4,1_4&#8243; _builder_version=&#8221;4.19.5&#8243; _module_preset=&#8221;default&#8221; width=&#8221;100%&#8221; max_width=&#8221;100%&#8221; custom_margin=&#8221;0px||0px||true|false&#8221; custom_padding=&#8221;0px||0px||true|false&#8221; global_colors_info=&#8221;{}&#8221;][et_pb_column type=&#8221;3_4&#8243; _builder_version=&#8221;4.19.5&#8243; _module_preset=&#8221;default&#8221; global_colors_info=&#8221;{}&#8221;][et_pb_text _builder_version=&#8221;4.19.5&#8243; _module_preset=&#8221;default&#8221; header_font=&#8221;|700||on|||||&#8221; header_text_align=&#8221;left&#8221; header_text_color=&#8221;#FFFFFF&#8221; header_font_size=&#8221;50px&#8221; background_color=&#8221;#1a5da2&#8243; width=&#8221;85%&#8221; custom_padding=&#8221;8px|20px||185px|false|false&#8221; custom_padding_tablet=&#8221;|0px||70px|false|false&#8221; custom_padding_phone=&#8221;|0px||0px|false|false&#8221; custom_padding_last_edited=&#8221;on|desktop&#8221; border_radii=&#8221;off||10px|10px|&#8221; box_shadow_style=&#8221;preset2&#8243; global_colors_info=&#8221;{}&#8221;]<\/p>\n<h1>ASESOR\u00cdA LEGAL<\/h1>\n<p>[\/et_pb_text][\/et_pb_column][et_pb_column type=&#8221;1_4&#8243; _builder_version=&#8221;4.19.5&#8243; _module_preset=&#8221;default&#8221; global_colors_info=&#8221;{}&#8221;][\/et_pb_column][\/et_pb_row][\/et_pb_section][et_pb_section fb_built=&#8221;1&#8243; _builder_version=&#8221;4.19.5&#8243; _module_preset=&#8221;default&#8221; background_image=&#8221;https:\/\/bdccconsulting.com\/wp-content\/uploads\/2023\/01\/Negro-y-Blanco-Fotografico-Servicio-de-Contabilidad-Sitio-Web.png&#8221; custom_padding=&#8221;35px||35px|||&#8221; global_colors_info=&#8221;{}&#8221;][et_pb_row column_structure=&#8221;2_3,1_3&#8243; use_custom_gutter=&#8221;on&#8221; gutter_width=&#8221;2&#8243; _builder_version=&#8221;4.19.5&#8243; _module_preset=&#8221;default&#8221; hover_enabled=&#8221;0&#8243; global_colors_info=&#8221;{}&#8221; sticky_enabled=&#8221;0&#8243;][et_pb_column type=&#8221;2_3&#8243; _builder_version=&#8221;4.19.5&#8243; _module_preset=&#8221;default&#8221; global_colors_info=&#8221;{}&#8221;][et_pb_text _builder_version=&#8221;4.19.5&#8243; _module_preset=&#8221;default&#8221; text_font_size=&#8221;16px&#8221; header_2_font=&#8221;|600|||||||&#8221; global_colors_info=&#8221;{}&#8221;]Tenemos un \u00e1rea legal especializada en la atenci\u00f3n a empresas nacionales y extranjeras, asesor\u00e1ndolas en su adecuado establecimiento y operaci\u00f3n en M\u00e9xico, destacando nuestro servicio especializado de soft landing. <\/p>\n<p>Algunos de nuestros servicios son en las siguientes materias:[\/et_pb_text][et_pb_text _builder_version=&#8221;4.19.5&#8243; _module_preset=&#8221;default&#8221; text_font_size=&#8221;16px&#8221; header_2_font=&#8221;|600|||||||&#8221; global_colors_info=&#8221;{}&#8221;]<\/p>\n<h2>CORPORATIVO<\/h2>\n<ul>\n<li>Compraventa de acciones<\/li>\n<li>Disoluci\u00f3n y liquidaci\u00f3n de sociedades<\/li>\n<li>Asesor\u00eda integral para la instalaci\u00f3n en M\u00e9xico de empresas filiales del extranjero (soft landing)<\/li>\n<li>Alianzas estrat\u00e9gicas (joint ventures)<\/li>\n<li>Auditor\u00eda legal (due diligence)<\/li>\n<li>Actas de asamblea de socios o accionistas<\/li>\n<li>Fusiones y adquisiciones (M&amp;A)<\/li>\n<li>Actualizaci\u00f3n de libros corporativos<\/li>\n<li>Representaci\u00f3n legal<\/li>\n<\/ul>\n<p>[\/et_pb_text][et_pb_text _builder_version=&#8221;4.19.5&#8243; _module_preset=&#8221;default&#8221; text_font_size=&#8221;16px&#8221; header_2_font=&#8221;|600|||||||&#8221; global_colors_info=&#8221;{}&#8221;]<\/p>\n<h2>CONTRACTUAL<\/h2>\n<ul>\n<li>Contratos intercompa\u00f1\u00edas<\/li>\n<li>Contratos con clientes y proveedores<\/li>\n<\/ul>\n<p>[\/et_pb_text][et_pb_text _builder_version=&#8221;4.19.5&#8243; _module_preset=&#8221;default&#8221; text_font_size=&#8221;16px&#8221; header_2_font=&#8221;|600|||||||&#8221; global_colors_info=&#8221;{}&#8221;]<\/p>\n<h2>INVERSI\u00d3N EXTRANJERA<\/h2>\n<ul>\n<li>Inscripci\u00f3n de Empresas en el Registro Nacional de Inversiones Extranjeras.<\/li>\n<li>Elaboraci\u00f3n y presentaci\u00f3n de informes anuales y trimestrales.<\/li>\n<\/ul>\n<p>[\/et_pb_text][et_pb_text _builder_version=&#8221;4.19.5&#8243; _module_preset=&#8221;default&#8221; text_font_size=&#8221;16px&#8221; header_2_font=&#8221;|600|||||||&#8221; global_colors_info=&#8221;{}&#8221;]<\/p>\n<h2>INMOBILIARIO<\/h2>\n<ul>\n<li>Compraventa de inmuebles e inversiones inmobiliarias<\/li>\n<\/ul>\n<p>[\/et_pb_text][et_pb_text _builder_version=&#8221;4.19.5&#8243; _module_preset=&#8221;default&#8221; text_font_size=&#8221;16px&#8221; header_2_font=&#8221;|600|||||||&#8221; global_colors_info=&#8221;{}&#8221;]<\/p>\n<h2>LABORAL<\/h2>\n<ul>\n<li>Relaciones colectivas e individuales de trabajo<\/li>\n<li>Rescisiones laborales<\/li>\n<li>Reglamento Interior de Trabajo<\/li>\n<li>Normas Oficiales Mexicanas en materia laboral<\/li>\n<li>Actas administrativas<\/li>\n<li>An\u00e1lisis, identificaci\u00f3n y prevenci\u00f3n de factores de riesgos psicosocial (NOM-035).<\/li>\n<\/ul>\n<p>[\/et_pb_text][et_pb_text _builder_version=&#8221;4.19.5&#8243; _module_preset=&#8221;default&#8221; text_font_size=&#8221;16px&#8221; header_2_font=&#8221;|600|||||||&#8221; locked=&#8221;off&#8221; global_colors_info=&#8221;{}&#8221;]Para prestadores y\/o receptores de servicios especializados, contamos con las siguientes soluciones:[\/et_pb_text][et_pb_text ul_type=&#8221;circle&#8221; _builder_version=&#8221;4.19.5&#8243; _module_preset=&#8221;default&#8221; text_font_size=&#8221;16px&#8221; header_2_font=&#8221;|600|||||||&#8221; locked=&#8221;off&#8221; global_colors_info=&#8221;{}&#8221;]<\/p>\n<ul>\n<li>Registro ante le REPSE (Registro de Prestadores de Servicios u Obras Especializadas)<\/li>\n<li>Reporte cuatrimestral ante el IMSS e INFONVIT, en sus respectivas plataformas<\/li>\n<li>Env\u00edo mensual de la evidencia del cumplimiento de sus obligaciones fiscales y laborales<\/li>\n<li>Revisi\u00f3n y an\u00e1lisis de la informaci\u00f3n proporcionada por sus proveedores a efectos de mitigar cualquier contingencia (aplicable a receptores de servicios especializados).<\/li>\n<\/ul>\n<p>[\/et_pb_text][et_pb_text ul_type=&#8221;circle&#8221; _builder_version=&#8221;4.19.5&#8243; _module_preset=&#8221;default&#8221; text_font_size=&#8221;16px&#8221; header_2_font=&#8221;|600|||||||&#8221; locked=&#8221;off&#8221; global_colors_info=&#8221;{}&#8221;]<\/p>\n<h2>PROPIEDAD INTELECTUAL<\/h2>\n<ul>\n<li>Registro y renovaci\u00f3n de registros marcarios<\/li>\n<li>Contratos de licencia<\/li>\n<li>Derechos de autor<\/li>\n<li>Asesor\u00eda contractual en producciones audiovisuales<\/li>\n<\/ul>\n<p>[\/et_pb_text][et_pb_text ul_type=&#8221;circle&#8221; _builder_version=&#8221;4.19.5&#8243; _module_preset=&#8221;default&#8221; text_font_size=&#8221;16px&#8221; header_2_font=&#8221;|600|||||||&#8221; locked=&#8221;off&#8221; global_colors_info=&#8221;{}&#8221;]<\/p>\n<h2>PROTECCI\u00d3N DE DATOS PERSONALES<\/h2>\n<ul>\n<li>Creaci\u00f3n de Comit\u00e9 interno de prevenci\u00f3n y seguimiento<\/li>\n<li>Diagn\u00f3stico e informe del estado de la Empresa en materia de Datos Personales<\/li>\n<li>Implementaci\u00f3n de pol\u00edticas y avisos de privacidad<\/li>\n<li>Seguimiento a denuncias para el ejercicio de derechos ARCO<\/li>\n<\/ul>\n<p>[\/et_pb_text][et_pb_text ul_type=&#8221;circle&#8221; _builder_version=&#8221;4.19.5&#8243; _module_preset=&#8221;default&#8221; text_font_size=&#8221;16px&#8221; header_2_font=&#8221;|600|||||||&#8221; locked=&#8221;off&#8221; global_colors_info=&#8221;{}&#8221;]<\/p>\n<h2>MIGRACI\u00d3N<\/h2>\n<ul>\n<li>Procesos de internaci\u00f3n<\/li>\n<li>Permisos de trabajo<\/li>\n<li>Naturalizaci\u00f3n<\/li>\n<li>Residencias temporales y permanentes<\/li>\n<li>Visas<\/li>\n<li>Recuperaci\u00f3n de AFORE para extranjeros que regresan a su pa\u00eds<\/li>\n<\/ul>\n<p>[\/et_pb_text][et_pb_text ul_type=&#8221;circle&#8221; _builder_version=&#8221;4.19.5&#8243; _module_preset=&#8221;default&#8221; text_font_size=&#8221;16px&#8221; header_2_font=&#8221;|600|||||||&#8221; locked=&#8221;off&#8221; global_colors_info=&#8221;{}&#8221;]<\/p>\n<h2>COBRANZA Y LITIGIO<\/h2>\n<ul>\n<li>Cobranza extrajudicial<\/li>\n<li>Recuperaci\u00f3n de cartera vencida<\/li>\n<li>Juicios civiles<\/li>\n<li>Juicios mercantiles<\/li>\n<li>Amparo<\/li>\n<\/ul>\n<p>[\/et_pb_text][\/et_pb_column][et_pb_column type=&#8221;1_3&#8243; _builder_version=&#8221;4.19.5&#8243; _module_preset=&#8221;default&#8221; background_color=&#8221;#FFFFFF&#8221; custom_padding=&#8221;15px|20px|15px|20px|true|true&#8221; hover_enabled=&#8221;0&#8243; border_radii=&#8221;on|10px|10px|10px|10px&#8221; box_shadow_style=&#8221;preset2&#8243; global_colors_info=&#8221;{}&#8221; sticky_enabled=&#8221;0&#8243; sticky_position=&#8221;top&#8221; sticky_limit_bottom=&#8221;section&#8221;][et_pb_text _builder_version=&#8221;4.19.5&#8243; _module_preset=&#8221;default&#8221; text_font_size=&#8221;16px&#8221; header_2_font=&#8221;|600|||||||&#8221; header_2_text_align=&#8221;center&#8221; header_2_line_height=&#8221;1.2em&#8221; text_orientation=&#8221;center&#8221; global_colors_info=&#8221;{}&#8221;]<\/p>\n<h2>\u00bfNECESITAS AYUDA PERSONALIZADA?<\/h2>\n<p>Nosotros te podemos ayudar, usa el calendario para agendar una cita con uno de nuestros expertos<\/p>\n<p>[\/et_pb_text][et_pb_code _builder_version=&#8221;4.19.5&#8243; _module_preset=&#8221;default&#8221; global_colors_info=&#8221;{}&#8221;]<!-- Principio del widget integrado de Calendly --><!-- [et_pb_line_break_holder] --><\/p>\n<div class=\"calendly-inline-widget\" data-url=\"https:\/\/calendly.com\/bdccconsulting\/30min?hide_event_type_details=1\" style=\"min-width:320px;height:630px;\"><\/div>\n<p><!-- [et_pb_line_break_holder] --><script type=\"text\/javascript\" src=\"https:\/\/assets.calendly.com\/assets\/external\/widget.js\" async><\/script><!-- [et_pb_line_break_holder] --><!-- Final del widget integrado de Calendly -->[\/et_pb_code][\/et_pb_column][\/et_pb_row][\/et_pb_section]<\/p>\n","protected":false},"excerpt":{"rendered":"<p>We offer more than just a financial opinion; we provide a comprehensive risk analysis in a timely manner, which adds value and informs on the strengths and weaknesses of your business, to provide greater certainty in decision making.<\/p>","protected":false},"author":2,"featured_media":12,"parent":0,"menu_order":0,"comment_status":"closed","ping_status":"closed","template":"","meta":{"_et_pb_use_builder":"on","_et_pb_old_content":"<!-- wp:image {\"id\":28,\"sizeSlug\":\"large\",\"linkDestination\":\"none\"} -->\n<figure class=\"wp-block-image size-large\"><img src=\"https:\/\/bdccconsulting.com\/wp-content\/uploads\/2022\/12\/Gold-Blue-Law-Firm-Sleek-Corporate-Law-Firm-Website-1-1024x576.png\" alt=\"\" class=\"wp-image-28\"\/><\/figure>\n<!-- \/wp:image -->\n\n<!-- wp:paragraph -->\n<p><strong>Soporte \u00b7 Legitimidad<\/strong><\/p>\n<!-- \/wp:paragraph -->\n\n<!-- wp:paragraph -->\n<p>Contamos con un \u00e1rea legal especializada en la atenci\u00f3n integral a empresas nacionales y extranjeras, destacando nuestro servicio de soft landing, donde junto con nuestros dem\u00e1s especialistas, asesoramos a las compa\u00f1\u00edas extranjeras en su adecuado establecimiento y operaci\u00f3n en M\u00e9xico.<\/p>\n<!-- \/wp:paragraph -->\n\n<!-- wp:paragraph -->\n<p>Algunos de nuestros servicios son en las siguientes materias:<\/p>\n<!-- \/wp:paragraph -->\n\n<!-- wp:paragraph -->\n<p><strong>Corporativo<\/strong><\/p>\n<!-- \/wp:paragraph -->\n\n<!-- wp:list -->\n<ul><!-- wp:list-item -->\n<li>Asesor\u00eda integral para la instalaci\u00f3n en M\u00e9xico de empresas filiales del extranjero (soft landing)<\/li>\n<!-- \/wp:list-item -->\n\n<!-- wp:list-item -->\n<li>Alianzas estrat\u00e9gicas (joint ventures)<\/li>\n<!-- \/wp:list-item -->\n\n<!-- wp:list-item -->\n<li>Fusiones y adquisiciones (M&amp;A)<\/li>\n<!-- \/wp:list-item -->\n\n<!-- wp:list-item -->\n<li>Auditor\u00eda legal (due diligence)<\/li>\n<!-- \/wp:list-item -->\n\n<!-- wp:list-item -->\n<li>Actas de asamblea de socios o accionistas<\/li>\n<!-- \/wp:list-item -->\n\n<!-- wp:list-item -->\n<li>Actualizaci\u00f3n de libros corporativos<\/li>\n<!-- \/wp:list-item -->\n\n<!-- wp:list-item -->\n<li>Compraventa de acciones<\/li>\n<!-- \/wp:list-item -->\n\n<!-- wp:list-item -->\n<li>Disoluci\u00f3n y liquidaci\u00f3n de sociedades<\/li>\n<!-- \/wp:list-item --><\/ul>\n<!-- \/wp:list -->\n\n<!-- wp:paragraph -->\n<p><strong>Contractual<\/strong><\/p>\n<!-- \/wp:paragraph -->\n\n<!-- wp:list -->\n<ul><!-- wp:list-item -->\n<li>Contratos con clientes y proveedores<\/li>\n<!-- \/wp:list-item -->\n\n<!-- wp:list-item -->\n<li>Contratos intercompa\u00f1\u00edas<\/li>\n<!-- \/wp:list-item --><\/ul>\n<!-- \/wp:list -->\n\n<!-- wp:paragraph -->\n<p><strong>Inversi\u00f3n Extranjera<\/strong><\/p>\n<!-- \/wp:paragraph -->\n\n<!-- wp:list -->\n<ul><!-- wp:list-item -->\n<li>Elaboraci\u00f3n y presentaci\u00f3n de informes anuales y trimestrales<\/li>\n<!-- \/wp:list-item --><\/ul>\n<!-- \/wp:list -->\n\n<!-- wp:paragraph -->\n<p><strong>Inmobiliario<\/strong><\/p>\n<!-- \/wp:paragraph -->\n\n<!-- wp:list -->\n<ul><!-- wp:list-item -->\n<li>Compraventa de inmuebles e inversiones inmobiliarias<\/li>\n<!-- \/wp:list-item --><\/ul>\n<!-- \/wp:list -->\n\n<!-- wp:paragraph -->\n<p><strong>Laboral<\/strong><\/p>\n<!-- \/wp:paragraph -->\n\n<!-- wp:list -->\n<ul><!-- wp:list-item -->\n<li>Relaciones colectivas e individuales de trabajo<\/li>\n<!-- \/wp:list-item -->\n\n<!-- wp:list-item -->\n<li>Rescisiones laborales<\/li>\n<!-- \/wp:list-item --><\/ul>\n<!-- \/wp:list -->\n\n<!-- wp:paragraph -->\n<p><strong>Propiedad Intelectual<\/strong><\/p>\n<!-- \/wp:paragraph -->\n\n<!-- wp:list -->\n<ul><!-- wp:list-item -->\n<li>Registro y renovaci\u00f3n de registros marcarios<\/li>\n<!-- \/wp:list-item -->\n\n<!-- wp:list-item -->\n<li>Contratos de licencia<\/li>\n<!-- \/wp:list-item -->\n\n<!-- wp:list-item -->\n<li>Derechos de autor<\/li>\n<!-- \/wp:list-item -->\n\n<!-- wp:list-item -->\n<li>Asesor\u00eda contractual en producciones audiovisuales<\/li>\n<!-- \/wp:list-item --><\/ul>\n<!-- \/wp:list -->\n\n<!-- wp:paragraph -->\n<p><strong>Protecci\u00f3n de Datos Personales<\/strong><\/p>\n<!-- \/wp:paragraph -->\n\n<!-- wp:list -->\n<ul><!-- wp:list-item -->\n<li>Implementaci\u00f3n de pol\u00edticas de privacidad<\/li>\n<!-- \/wp:list-item --><\/ul>\n<!-- \/wp:list -->\n\n<!-- wp:paragraph -->\n<p><strong>Migraci\u00f3n<\/strong><\/p>\n<!-- \/wp:paragraph -->\n\n<!-- wp:list -->\n<ul><!-- wp:list-item -->\n<li>Procesos de internaci\u00f3n<\/li>\n<!-- \/wp:list-item -->\n\n<!-- wp:list-item -->\n<li>Permisos de trabajo<\/li>\n<!-- \/wp:list-item -->\n\n<!-- wp:list-item -->\n<li>Naturalizaci\u00f3n<\/li>\n<!-- \/wp:list-item -->\n\n<!-- wp:list-item -->\n<li>Visas<\/li>\n<!-- \/wp:list-item --><\/ul>\n<!-- \/wp:list -->","_et_gb_content_width":"","content-type":"","footnotes":""},"jetpack_sharing_enabled":true,"_links":{"self":[{"href":"https:\/\/bdccconsulting.com\/en\/wp-json\/wp\/v2\/pages\/323"}],"collection":[{"href":"https:\/\/bdccconsulting.com\/en\/wp-json\/wp\/v2\/pages"}],"about":[{"href":"https:\/\/bdccconsulting.com\/en\/wp-json\/wp\/v2\/types\/page"}],"author":[{"embeddable":true,"href":"https:\/\/bdccconsulting.com\/en\/wp-json\/wp\/v2\/users\/2"}],"replies":[{"embeddable":true,"href":"https:\/\/bdccconsulting.com\/en\/wp-json\/wp\/v2\/comments?post=323"}],"version-history":[{"count":10,"href":"https:\/\/bdccconsulting.com\/en\/wp-json\/wp\/v2\/pages\/323\/revisions"}],"predecessor-version":[{"id":673,"href":"https:\/\/bdccconsulting.com\/en\/wp-json\/wp\/v2\/pages\/323\/revisions\/673"}],"wp:featuredmedia":[{"embeddable":true,"href":"https:\/\/bdccconsulting.com\/en\/wp-json\/wp\/v2\/media\/12"}],"wp:attachment":[{"href":"https:\/\/bdccconsulting.com\/en\/wp-json\/wp\/v2\/media?parent=323"}],"curies":[{"name":"wp","href":"https:\/\/api.w.org\/{rel}","templated":true}]}}