{"id":326,"date":"2022-12-19T23:00:25","date_gmt":"2022-12-19T23:00:25","guid":{"rendered":"https:\/\/bdccconsulting.com\/?page_id=326"},"modified":"2023-02-02T23:26:20","modified_gmt":"2023-02-02T23:26:20","slug":"aduanas","status":"publish","type":"page","link":"https:\/\/bdccconsulting.com\/en\/aduanas\/","title":{"rendered":"FOREIGN TRADE &amp; CUSTOMS"},"content":{"rendered":"<p>[et_pb_section fb_built=&#8221;1&#8243; _builder_version=&#8221;4.19.5&#8243; _module_preset=&#8221;default&#8221; custom_margin=&#8221;0px||0px||true|false&#8221; custom_padding=&#8221;50px||0px||false|false&#8221; global_colors_info=&#8221;{}&#8221;][et_pb_row column_structure=&#8221;3_4,1_4&#8243; _builder_version=&#8221;4.19.5&#8243; _module_preset=&#8221;default&#8221; width=&#8221;100%&#8221; max_width=&#8221;100%&#8221; custom_margin=&#8221;0px||0px||true|false&#8221; custom_padding=&#8221;0px||0px||true|false&#8221; global_colors_info=&#8221;{}&#8221;][et_pb_column type=&#8221;3_4&#8243; _builder_version=&#8221;4.19.5&#8243; _module_preset=&#8221;default&#8221; global_colors_info=&#8221;{}&#8221;][et_pb_text _builder_version=&#8221;4.19.5&#8243; _module_preset=&#8221;default&#8221; header_font=&#8221;|700||on|||||&#8221; header_text_align=&#8221;left&#8221; header_text_color=&#8221;#FFFFFF&#8221; header_font_size=&#8221;50px&#8221; background_color=&#8221;#1a5da2&#8243; custom_margin=&#8221;|-35px|||false|false&#8221; custom_padding=&#8221;8px|0px||185px|false|false&#8221; custom_padding_tablet=&#8221;|0px||70px|false|false&#8221; custom_padding_phone=&#8221;|0px||0px|false|false&#8221; custom_padding_last_edited=&#8221;on|desktop&#8221; border_radii=&#8221;off||10px|10px|&#8221; box_shadow_style=&#8221;preset2&#8243; global_colors_info=&#8221;{}&#8221;]<\/p>\n<h1>COMERCIO EXTERIOR Y ADUANAS<\/h1>\n<p>[\/et_pb_text][\/et_pb_column][et_pb_column type=&#8221;1_4&#8243; _builder_version=&#8221;4.19.5&#8243; _module_preset=&#8221;default&#8221; global_colors_info=&#8221;{}&#8221;][\/et_pb_column][\/et_pb_row][\/et_pb_section][et_pb_section fb_built=&#8221;1&#8243; _builder_version=&#8221;4.19.5&#8243; _module_preset=&#8221;default&#8221; background_image=&#8221;https:\/\/bdccconsulting.com\/wp-content\/uploads\/2023\/01\/Negro-y-Blanco-Fotografico-Servicio-de-Contabilidad-Sitio-Web.png&#8221; custom_padding=&#8221;35px||35px|||&#8221; global_colors_info=&#8221;{}&#8221;][et_pb_row column_structure=&#8221;2_3,1_3&#8243; use_custom_gutter=&#8221;on&#8221; gutter_width=&#8221;2&#8243; _builder_version=&#8221;4.19.5&#8243; _module_preset=&#8221;default&#8221; hover_enabled=&#8221;0&#8243; global_colors_info=&#8221;{}&#8221; sticky_enabled=&#8221;0&#8243;][et_pb_column type=&#8221;2_3&#8243; _builder_version=&#8221;4.19.5&#8243; _module_preset=&#8221;default&#8221; global_colors_info=&#8221;{}&#8221;][et_pb_text _builder_version=&#8221;4.19.5&#8243; _module_preset=&#8221;default&#8221; text_font_size=&#8221;16px&#8221; header_2_font=&#8221;|600|||||||&#8221; global_colors_info=&#8221;{}&#8221;]Comercio exterior, exige que nuestros expertos desarrollen los mejores servicios de calidad y valor agregado para ofrecer a nuestros clientes las soluciones correctas para mejorar el cumplimiento aduanero:[\/et_pb_text][et_pb_text _builder_version=&#8221;4.19.5&#8243; _module_preset=&#8221;default&#8221; text_font_size=&#8221;16px&#8221; header_2_font=&#8221;|600|||||||&#8221; global_colors_info=&#8221;{}&#8221;]<\/p>\n<h2>CUMPLIMIENTO ADUANERO<\/h2>\n<ul>\n<li>Diagn\u00f3stico de comercio exterior<\/li>\n<li>Revisi\u00f3n del proceso de comercio exterior<\/li>\n<li>Auditor\u00eda electr\u00f3nica de factores de riesgo<\/li>\n<li>Reconstrucci\u00f3n de importaciones temporales y sus retornos \u2022 Soporte para la legal estancia de activos fijos<\/li>\n<li>Cartas opini\u00f3n sobre consultas particulares<\/li>\n<li>Programa de asesor\u00eda recurrente y activa<\/li>\n<li>An\u00e1lisis de esquemas de operaci\u00f3n en M\u00e9xico<\/li>\n<li>Tratamiento de IVA de transacciones internacionales<\/li>\n<\/ul>\n<p>[\/et_pb_text][et_pb_text _builder_version=&#8221;4.19.5&#8243; _module_preset=&#8221;default&#8221; text_font_size=&#8221;16px&#8221; header_2_font=&#8221;|600|||||||&#8221; global_colors_info=&#8221;{}&#8221;]<\/p>\n<h2>CERTIFICACIONES, REGISTROS Y PROGRAMAS DE FOMENTO<\/h2>\n<ul>\n<li>Padr\u00f3n de importadores y Sectorial<\/li>\n<li>Programa IMMEX y Prosec<\/li>\n<li>Esquema de Certificaci\u00f3n de Empresas modalidad IVA e IEPS<\/li>\n<li>Operador Econ\u00f3mico Autorizado (OEA)<\/li>\n<li>Customs Trade Partnership Against Terrorism (C-TPAT)<\/li>\n<\/ul>\n<p>[\/et_pb_text][et_pb_text _builder_version=&#8221;4.19.5&#8243; _module_preset=&#8221;default&#8221; text_font_size=&#8221;16px&#8221; header_2_font=&#8221;|600|||||||&#8221; global_colors_info=&#8221;{}&#8221;]Automatizaci\u00f3n de Comercio Exterior: consultor\u00eda para la implementaci\u00f3n de herramientas electr\u00f3nicas y del sistema de Anexo 24 automatizado.[\/et_pb_text][et_pb_text _builder_version=&#8221;4.19.5&#8243; _module_preset=&#8221;default&#8221; text_font_size=&#8221;16px&#8221; header_2_font=&#8221;|600|||||||&#8221; global_colors_info=&#8221;{}&#8221;]<\/p>\n<h2>SOPORTE EN PROCEDIMIENTOS DE REVISI\u00d3N DEL SAT<\/h2>\n<ul>\n<li>Apoyo en procedimientos de revisi\u00f3n del SAT.<\/li>\n<li>Visita domiciliaria, requerimientos y cartas invitaci\u00f3n.<\/li>\n<li>Revisi\u00f3n de legal estancia de activos fijos.<\/li>\n<\/ul>\n<p>[\/et_pb_text][et_pb_text _builder_version=&#8221;4.19.5&#8243; _module_preset=&#8221;default&#8221; text_font_size=&#8221;16px&#8221; header_2_font=&#8221;|600|||||||&#8221; global_colors_info=&#8221;{}&#8221;]Paquete de incorporaci\u00f3n: soporte en la incorporaci\u00f3n de nuevos negocios (an\u00e1lisis de los permisos, programas y certificaciones para operaci\u00f3n; gestor\u00eda y obtenci\u00f3n.[\/et_pb_text][et_pb_text _builder_version=&#8221;4.19.5&#8243; _module_preset=&#8221;default&#8221; text_font_size=&#8221;16px&#8221; header_2_font=&#8221;|600|||||||&#8221; global_colors_info=&#8221;{}&#8221;]<\/p>\n<h2>DUE DILIGENCE DE COMERCIO EXTERIOR (FUSIONES Y ADQUISICIONES)<\/h2>\n<ul>\n<li>Detecci\u00f3n y determinaci\u00f3n econ\u00f3mica de riesgos<\/li>\n<li>Planeaci\u00f3n de actividades para la operaci\u00f3n futura<\/li>\n<\/ul>\n<p>[\/et_pb_text][et_pb_text _builder_version=&#8221;4.19.5&#8243; _module_preset=&#8221;default&#8221; text_font_size=&#8221;16px&#8221; header_2_font=&#8221;|600|||||||&#8221; global_colors_info=&#8221;{}&#8221;]<\/p>\n<h2>ADMINISTRACI\u00d3N DE COMERCIO EXTERIOR<\/h2>\n<ul>\n<li>Administraci\u00f3n de las importaciones temporales a trav\u00e9s del sistema de Anexo 24<\/li>\n<li>Administraci\u00f3n en materia de Cumplimiento Aduanero<\/li>\n<li>Administraci\u00f3n del Expediente Digital de Comercio Exterior<\/li>\n<li>An\u00e1lisis de origen de tratados internacionales y acuerdos comerciales<\/li>\n<\/ul>\n<p>[\/et_pb_text][\/et_pb_column][et_pb_column type=&#8221;1_3&#8243; _builder_version=&#8221;4.19.5&#8243; _module_preset=&#8221;default&#8221; background_color=&#8221;#FFFFFF&#8221; custom_padding=&#8221;15px|20px|15px|20px|true|true&#8221; hover_enabled=&#8221;0&#8243; border_radii=&#8221;on|10px|10px|10px|10px&#8221; box_shadow_style=&#8221;preset2&#8243; global_colors_info=&#8221;{}&#8221; sticky_position=&#8221;top&#8221; sticky_limit_bottom=&#8221;row&#8221; sticky_enabled=&#8221;0&#8243;][et_pb_text _builder_version=&#8221;4.19.5&#8243; _module_preset=&#8221;default&#8221; text_font_size=&#8221;16px&#8221; header_2_font=&#8221;|600|||||||&#8221; header_2_text_align=&#8221;center&#8221; header_2_line_height=&#8221;1.2em&#8221; text_orientation=&#8221;center&#8221; global_colors_info=&#8221;{}&#8221;]<\/p>\n<h2>\u00bfNECESITAS AYUDA PERSONALIZADA?<\/h2>\n<p>Nosotros te podemos ayudar, usa el calendario para agendar una cita con uno de nuestros expertos<\/p>\n<p>[\/et_pb_text][et_pb_code _builder_version=&#8221;4.19.5&#8243; _module_preset=&#8221;default&#8221; global_colors_info=&#8221;{}&#8221;]<!-- Principio del widget integrado de Calendly --><!-- [et_pb_line_break_holder] --><\/p>\n<div class=\"calendly-inline-widget\" data-url=\"https:\/\/calendly.com\/bdccconsulting\/30min?hide_event_type_details=1\" style=\"min-width:320px;height:630px;\"><\/div>\n<p><!-- [et_pb_line_break_holder] --><script type=\"text\/javascript\" src=\"https:\/\/assets.calendly.com\/assets\/external\/widget.js\" async><\/script><!-- [et_pb_line_break_holder] --><!-- Final del widget integrado de Calendly -->[\/et_pb_code][\/et_pb_column][\/et_pb_row][\/et_pb_section]<\/p>\n","protected":false},"excerpt":{"rendered":"<p>We offer more than just a financial opinion; we provide a comprehensive risk analysis in a timely manner, which adds value and informs on the strengths and weaknesses of your business, to provide greater certainty in decision making.<\/p>","protected":false},"author":2,"featured_media":12,"parent":0,"menu_order":0,"comment_status":"closed","ping_status":"closed","template":"","meta":{"_et_pb_use_builder":"on","_et_pb_old_content":"<!-- wp:image {\"id\":28,\"sizeSlug\":\"large\",\"linkDestination\":\"none\"} -->\n<figure class=\"wp-block-image size-large\"><img src=\"https:\/\/bdccconsulting.com\/wp-content\/uploads\/2022\/12\/Gold-Blue-Law-Firm-Sleek-Corporate-Law-Firm-Website-1-1024x576.png\" alt=\"\" class=\"wp-image-28\"\/><\/figure>\n<!-- \/wp:image -->\n\n<!-- wp:paragraph -->\n<p><strong>Fluidez \u00b7 Legalidad<\/strong><\/p>\n<!-- \/wp:paragraph -->\n\n<!-- wp:paragraph -->\n<p>La din\u00e1mica internacional del comercio exterior, exige que nuestros expertos desarrollen los mejores servicios de calidad y valor agregado para ofrecer a nuestros clientes las soluciones correctas para mejorar el cumplimiento aduanero:<\/p>\n<!-- \/wp:paragraph -->\n\n<!-- wp:paragraph -->\n<p><strong>Cumplimiento aduanero<\/strong><\/p>\n<!-- \/wp:paragraph -->\n\n<!-- wp:list -->\n<ul><!-- wp:list-item -->\n<li>Diagn\u00f3stico de comercio exterior<\/li>\n<!-- \/wp:list-item -->\n\n<!-- wp:list-item -->\n<li>Revisi\u00f3n del proceso de comercio exterior<\/li>\n<!-- \/wp:list-item -->\n\n<!-- wp:list-item -->\n<li>Auditor\u00eda electr\u00f3nica de factores de riesgo<\/li>\n<!-- \/wp:list-item -->\n\n<!-- wp:list-item -->\n<li>Reconstrucci\u00f3n de importaciones temporales y sus retornos<\/li>\n<!-- \/wp:list-item -->\n\n<!-- wp:list-item -->\n<li>Soporte para la legal estancia de activos fijos<\/li>\n<!-- \/wp:list-item -->\n\n<!-- wp:list-item -->\n<li>Cartas opini\u00f3n sobre consultas particulares<\/li>\n<!-- \/wp:list-item -->\n\n<!-- wp:list-item -->\n<li>Programa de asesor\u00eda recurrente y activa<\/li>\n<!-- \/wp:list-item -->\n\n<!-- wp:list-item -->\n<li>An\u00e1lisis de esquemas de operaci\u00f3n en M\u00e9xico<\/li>\n<!-- \/wp:list-item -->\n\n<!-- wp:list-item -->\n<li>Tratamiento de IVA de transacciones internacionales<\/li>\n<!-- \/wp:list-item --><\/ul>\n<!-- \/wp:list -->\n\n<!-- wp:paragraph -->\n<p><strong>Certificaciones,registros y programasdefomento<\/strong><\/p>\n<!-- \/wp:paragraph -->\n\n<!-- wp:list -->\n<ul><!-- wp:list-item -->\n<li>Padr\u00f3n de importadores y Sectorial<\/li>\n<!-- \/wp:list-item -->\n\n<!-- wp:list-item -->\n<li>Programa IMMEX y Prosec<\/li>\n<!-- \/wp:list-item -->\n\n<!-- wp:list-item -->\n<li>Esquema de Certificaci\u00f3n de Empresas modalidad IVA e IEPS<\/li>\n<!-- \/wp:list-item -->\n\n<!-- wp:list-item -->\n<li>Operador Econ\u00f3mico Autorizado (OEA)<\/li>\n<!-- \/wp:list-item -->\n\n<!-- wp:list-item -->\n<li>Customs Trade Partnership Against Terrorism (C-TPAT)<\/li>\n<!-- \/wp:list-item --><\/ul>\n<!-- \/wp:list -->\n\n<!-- wp:paragraph -->\n<p><strong>Automatizaci\u00f3n de Comercio Exterior: <\/strong>consultor\u00eda para la implementaci\u00f3n de herramientas electr\u00f3nicas y del sistema de Anexo 24 automatizado<\/p>\n<!-- \/wp:paragraph -->\n\n<!-- wp:paragraph -->\n<p><strong>Soporte en procedimientos de revisi\u00f3n del SAT<\/strong><\/p>\n<!-- \/wp:paragraph -->\n\n<!-- wp:list -->\n<ul><!-- wp:list-item -->\n<li>Apoyo en procedimientos de revisi\u00f3n del SAT<\/li>\n<!-- \/wp:list-item -->\n\n<!-- wp:list-item -->\n<li>Visita domiciliaria, requerimientos y cartas invitaci\u00f3n<\/li>\n<!-- \/wp:list-item -->\n\n<!-- wp:list-item -->\n<li>Revisi\u00f3n de legal estancia de activos fijos<\/li>\n<!-- \/wp:list-item --><\/ul>\n<!-- \/wp:list -->\n\n<!-- wp:paragraph -->\n<p><strong>Paquete de incorporaci\u00f3n: <\/strong>Soporte en la incorporaci\u00f3n de nuevos negocios (an\u00e1lisis de los permisos, programas y certificaciones para operaci\u00f3n; gestor\u00eda y obtenci\u00f3n.<\/p>\n<!-- \/wp:paragraph -->\n\n<!-- wp:paragraph -->\n<p><strong>Due Diligence de Comercio Exterior (fusiones y adquisiciones)<\/strong><\/p>\n<!-- \/wp:paragraph -->\n\n<!-- wp:list -->\n<ul><!-- wp:list-item -->\n<li>Detecci\u00f3n y determinaci\u00f3n econ\u00f3mica de riesgos<\/li>\n<!-- \/wp:list-item -->\n\n<!-- wp:list-item -->\n<li>Planeaci\u00f3n de actividades para la operaci\u00f3n futura<\/li>\n<!-- \/wp:list-item --><\/ul>\n<!-- \/wp:list -->\n\n<!-- wp:paragraph -->\n<p><strong>Administraci\u00f3n de Comercio Exterior<\/strong><\/p>\n<!-- \/wp:paragraph -->\n\n<!-- wp:list -->\n<ul><!-- wp:list-item -->\n<li>Administraci\u00f3n de las importaciones temporales a trav\u00e9s del sistema de Anexo 24<\/li>\n<!-- \/wp:list-item -->\n\n<!-- wp:list-item -->\n<li>Administraci\u00f3n en materia de Cumplimiento Aduanero<\/li>\n<!-- \/wp:list-item -->\n\n<!-- wp:list-item -->\n<li>Administraci\u00f3n del Expediente Digital de Comercio Exterior<\/li>\n<!-- \/wp:list-item --><\/ul>\n<!-- \/wp:list -->\n\n<!-- wp:paragraph -->\n<p><strong>Capacitaci\u00f3n Aduanera<\/strong><\/p>\n<!-- \/wp:paragraph -->\n\n<!-- wp:paragraph -->\n<p><strong>An\u00e1lisis de origen de tratados internacionales y acuerdos comerciales<\/strong><\/p>\n<!-- \/wp:paragraph -->","_et_gb_content_width":"","content-type":"","footnotes":""},"jetpack_sharing_enabled":true,"_links":{"self":[{"href":"https:\/\/bdccconsulting.com\/en\/wp-json\/wp\/v2\/pages\/326"}],"collection":[{"href":"https:\/\/bdccconsulting.com\/en\/wp-json\/wp\/v2\/pages"}],"about":[{"href":"https:\/\/bdccconsulting.com\/en\/wp-json\/wp\/v2\/types\/page"}],"author":[{"embeddable":true,"href":"https:\/\/bdccconsulting.com\/en\/wp-json\/wp\/v2\/users\/2"}],"replies":[{"embeddable":true,"href":"https:\/\/bdccconsulting.com\/en\/wp-json\/wp\/v2\/comments?post=326"}],"version-history":[{"count":6,"href":"https:\/\/bdccconsulting.com\/en\/wp-json\/wp\/v2\/pages\/326\/revisions"}],"predecessor-version":[{"id":678,"href":"https:\/\/bdccconsulting.com\/en\/wp-json\/wp\/v2\/pages\/326\/revisions\/678"}],"wp:featuredmedia":[{"embeddable":true,"href":"https:\/\/bdccconsulting.com\/en\/wp-json\/wp\/v2\/media\/12"}],"wp:attachment":[{"href":"https:\/\/bdccconsulting.com\/en\/wp-json\/wp\/v2\/media?parent=326"}],"curies":[{"name":"wp","href":"https:\/\/api.w.org\/{rel}","templated":true}]}}