{"id":353,"date":"2022-12-19T23:48:57","date_gmt":"2022-12-19T23:48:57","guid":{"rendered":"https:\/\/bdccconsulting.com\/?page_id=353"},"modified":"2023-02-02T23:28:18","modified_gmt":"2023-02-02T23:28:18","slug":"empresas-familiares","status":"publish","type":"page","link":"https:\/\/bdccconsulting.com\/en\/empresas-familiares\/","title":{"rendered":"FAMILY BUSINESSES AND CORPORATE GOVERNANCE"},"content":{"rendered":"<p>[et_pb_section fb_built=&#8221;1&#8243; _builder_version=&#8221;4.19.5&#8243; _module_preset=&#8221;default&#8221; custom_margin=&#8221;0px||0px||true|false&#8221; custom_padding=&#8221;50px||0px||false|false&#8221; global_colors_info=&#8221;{}&#8221;][et_pb_row column_structure=&#8221;3_4,1_4&#8243; _builder_version=&#8221;4.19.5&#8243; _module_preset=&#8221;default&#8221; width=&#8221;100%&#8221; max_width=&#8221;100%&#8221; custom_margin=&#8221;0px||0px||true|false&#8221; custom_padding=&#8221;0px||0px||true|false&#8221; global_colors_info=&#8221;{}&#8221;][et_pb_column type=&#8221;3_4&#8243; _builder_version=&#8221;4.19.5&#8243; _module_preset=&#8221;default&#8221; global_colors_info=&#8221;{}&#8221;][et_pb_text _builder_version=&#8221;4.19.5&#8243; _module_preset=&#8221;default&#8221; header_font=&#8221;|700||on|||||&#8221; header_text_align=&#8221;left&#8221; header_text_color=&#8221;#FFFFFF&#8221; header_font_size=&#8221;50px&#8221; background_color=&#8221;#1a5da2&#8243; custom_padding=&#8221;8px|20px||185px|false|false&#8221; custom_padding_tablet=&#8221;|0px||70px|false|false&#8221; custom_padding_phone=&#8221;|0px||0px|false|false&#8221; custom_padding_last_edited=&#8221;on|desktop&#8221; border_radii=&#8221;off||10px|10px|&#8221; box_shadow_style=&#8221;preset2&#8243; global_colors_info=&#8221;{}&#8221;]<\/p>\n<h1>EMPRESAS FAMILIARES Y GOBIERNO CORPORATIVO<\/h1>\n<p>[\/et_pb_text][\/et_pb_column][et_pb_column type=&#8221;1_4&#8243; _builder_version=&#8221;4.19.5&#8243; _module_preset=&#8221;default&#8221; global_colors_info=&#8221;{}&#8221;][\/et_pb_column][\/et_pb_row][\/et_pb_section][et_pb_section fb_built=&#8221;1&#8243; _builder_version=&#8221;4.19.5&#8243; _module_preset=&#8221;default&#8221; background_image=&#8221;https:\/\/bdccconsulting.com\/wp-content\/uploads\/2023\/01\/Negro-y-Blanco-Fotografico-Servicio-de-Contabilidad-Sitio-Web.png&#8221; custom_padding=&#8221;35px||35px|||&#8221; global_colors_info=&#8221;{}&#8221;][et_pb_row column_structure=&#8221;2_3,1_3&#8243; use_custom_gutter=&#8221;on&#8221; gutter_width=&#8221;2&#8243; _builder_version=&#8221;4.19.5&#8243; _module_preset=&#8221;default&#8221; hover_enabled=&#8221;0&#8243; global_colors_info=&#8221;{}&#8221; sticky_enabled=&#8221;0&#8243;][et_pb_column type=&#8221;2_3&#8243; _builder_version=&#8221;4.19.5&#8243; _module_preset=&#8221;default&#8221; global_colors_info=&#8221;{}&#8221;][et_pb_text _builder_version=&#8221;4.19.5&#8243; _module_preset=&#8221;default&#8221; text_font_size=&#8221;16px&#8221; header_2_font=&#8221;|600|||||||&#8221; global_colors_info=&#8221;{}&#8221;]A efectos de que las empresas familiares trasciendan a una compa\u00f1\u00eda transgeneracional es importante considerar que hoy en d\u00eda no basta solo con una buena gesti\u00f3n, sino que dependen de la implementaci\u00f3n de mecanismos a manera de gobierno corporativo que permita a la administraci\u00f3n mitigar riesgos y aprovechar las oportunidades de manera eficiente.<\/p>\n<p>Nuestra \u00e1rea de servicios de gobierno corporativo, riesgos y cumplimiento le ofrece una serie de servicios que cubran todas sus necesidades:[\/et_pb_text][et_pb_text _builder_version=&#8221;4.19.5&#8243; _module_preset=&#8221;default&#8221; text_font_size=&#8221;16px&#8221; header_2_font=&#8221;|600|||||||&#8221; global_colors_info=&#8221;{}&#8221;]<\/p>\n<p>Dise\u00f1o e Implementaci\u00f3n de un programa de institucionalizaci\u00f3n de la empresa<\/p>\n<p>[\/et_pb_text][et_pb_text _builder_version=&#8221;4.19.5&#8243; _module_preset=&#8221;default&#8221; text_font_size=&#8221;16px&#8221; header_2_font=&#8221;|600|||||||&#8221; global_colors_info=&#8221;{}&#8221;]<\/p>\n<ul>\n<li>Consejo de Familia<\/li>\n<li>Protocolo Familiar<\/li>\n<li>Plan de Sucesi\u00f3n<\/li>\n<\/ul>\n<p>[\/et_pb_text][et_pb_text _builder_version=&#8221;4.19.5&#8243; _module_preset=&#8221;default&#8221; text_font_size=&#8221;16px&#8221; header_2_font=&#8221;|600|||||||&#8221; global_colors_info=&#8221;{}&#8221;]Dise\u00f1o de las funciones de los comit\u00e9s delegados del Consejo de Administraci\u00f3n como:[\/et_pb_text][et_pb_text _builder_version=&#8221;4.19.5&#8243; _module_preset=&#8221;default&#8221; text_font_size=&#8221;16px&#8221; header_2_font=&#8221;|600|||||||&#8221; global_colors_info=&#8221;{}&#8221;]<\/p>\n<ul>\n<li>Comit\u00e9 de Auditor\u00eda<\/li>\n<li>Comit\u00e9 de Finanzas y Planeaci\u00f3n<\/li>\n<li>Evaluaci\u00f3n y compensaci\u00f3n<\/li>\n<li>Riesgos y cumplimiento<\/li>\n<li>Dise\u00f1o del Sistema de Integridad y funciones del Comit\u00e9 de \u00c9tica<\/li>\n<\/ul>\n<p>[\/et_pb_text][et_pb_text _builder_version=&#8221;4.19.5&#8243; _module_preset=&#8221;default&#8221; text_font_size=&#8221;16px&#8221; header_2_font=&#8221;|600|||||||&#8221; global_colors_info=&#8221;{}&#8221;]<\/p>\n<div class=\"page\" title=\"Page 20\">\n<div class=\"section\">\n<div class=\"layoutArea\">\n<div class=\"column\">\n<p><span>Disen\u0303o del marco de riesgos de negocio en: <\/span><\/p>\n<\/div>\n<\/div>\n<\/div>\n<\/div>\n<p>[\/et_pb_text][et_pb_text _builder_version=&#8221;4.19.5&#8243; _module_preset=&#8221;default&#8221; text_font_size=&#8221;16px&#8221; header_2_font=&#8221;|600|||||||&#8221; global_colors_info=&#8221;{}&#8221;]<\/p>\n<ul>\n<li>Medio ambiente<\/li>\n<li>Social<\/li>\n<li>Gobierno<\/li>\n<li>Estrat\u00e9gico<\/li>\n<li>Cumplimiento<\/li>\n<li>Reporte<\/li>\n<li>Operativo<\/li>\n<\/ul>\n<p>[\/et_pb_text][et_pb_text _builder_version=&#8221;4.19.5&#8243; _module_preset=&#8221;default&#8221; text_font_size=&#8221;16px&#8221; header_2_font=&#8221;|600|||||||&#8221; global_colors_info=&#8221;{}&#8221;]Auditor\u00eda interna[\/et_pb_text][et_pb_text _builder_version=&#8221;4.19.5&#8243; _module_preset=&#8221;default&#8221; text_font_size=&#8221;16px&#8221; header_2_font=&#8221;|600|||||||&#8221; global_colors_info=&#8221;{}&#8221;]<\/p>\n<ul>\n<li>Dise\u00f1o del Programa de Auditor\u00eda Interna con base en riesgos<\/li>\n<li>Presentaci\u00f3n de informes de auditor\u00eda interna de alto impacto a la administraci\u00f3n y al Comit\u00e9 de Auditor\u00eda Interna<\/li>\n<li>Evaluaci\u00f3n del departamento de auditor\u00eda interna de acuerdo con las normas internacionales de auditor\u00eda interna emitidas por el Institute of Internal Auditors (IIA)<\/li>\n<li>Funciones de co-sourcing de la pr\u00e1ctica de auditor\u00eda interna<\/li>\n<\/ul>\n<p>[\/et_pb_text][\/et_pb_column][et_pb_column type=&#8221;1_3&#8243; _builder_version=&#8221;4.19.5&#8243; _module_preset=&#8221;default&#8221; background_color=&#8221;#FFFFFF&#8221; custom_padding=&#8221;15px|20px|15px|20px|true|true&#8221; hover_enabled=&#8221;0&#8243; border_radii=&#8221;on|10px|10px|10px|10px&#8221; box_shadow_style=&#8221;preset2&#8243; global_colors_info=&#8221;{}&#8221; sticky_position=&#8221;top&#8221; sticky_limit_bottom=&#8221;section&#8221; sticky_enabled=&#8221;0&#8243;][et_pb_text _builder_version=&#8221;4.19.5&#8243; _module_preset=&#8221;default&#8221; text_font_size=&#8221;16px&#8221; header_2_font=&#8221;|600|||||||&#8221; header_2_text_align=&#8221;center&#8221; header_2_line_height=&#8221;1.2em&#8221; text_orientation=&#8221;center&#8221; global_colors_info=&#8221;{}&#8221;]<\/p>\n<h2>\u00bfNECESITAS AYUDA PERSONALIZADA?<\/h2>\n<p>Nosotros te podemos ayudar, usa el calendario para agendar una cita con uno de nuestros expertos<\/p>\n<p>[\/et_pb_text][et_pb_code _builder_version=&#8221;4.19.5&#8243; _module_preset=&#8221;default&#8221; global_colors_info=&#8221;{}&#8221;]<!-- Principio del widget integrado de Calendly --><!-- [et_pb_line_break_holder] --><\/p>\n<div class=\"calendly-inline-widget\" data-url=\"https:\/\/calendly.com\/bdccconsulting\/30min?hide_event_type_details=1\" style=\"min-width:320px;height:630px;\"><\/div>\n<p><!-- [et_pb_line_break_holder] --><script type=\"text\/javascript\" src=\"https:\/\/assets.calendly.com\/assets\/external\/widget.js\" async><\/script><!-- [et_pb_line_break_holder] --><!-- Final del widget integrado de Calendly -->[\/et_pb_code][\/et_pb_column][\/et_pb_row][\/et_pb_section]<\/p>\n","protected":false},"excerpt":{"rendered":"<p>We offer more than just a financial opinion; we provide a comprehensive risk analysis in a timely manner, which adds value and informs on the strengths and weaknesses of your business, to provide greater certainty in decision making.<\/p>","protected":false},"author":2,"featured_media":12,"parent":0,"menu_order":0,"comment_status":"closed","ping_status":"closed","template":"","meta":{"_et_pb_use_builder":"on","_et_pb_old_content":"<!-- wp:image {\"id\":28,\"sizeSlug\":\"large\",\"linkDestination\":\"none\"} -->\n<figure class=\"wp-block-image size-large\"><img src=\"https:\/\/bdccconsulting.com\/wp-content\/uploads\/2022\/12\/Gold-Blue-Law-Firm-Sleek-Corporate-Law-Firm-Website-1-1024x576.png\" alt=\"\" class=\"wp-image-28\"\/><\/figure>\n<!-- \/wp:image -->\n\n<!-- wp:paragraph -->\n<p><strong>Continuidad \u00b7 Estructur<\/strong>a<\/p>\n<!-- \/wp:paragraph -->\n\n<!-- wp:paragraph -->\n<p>La diferencia para que una empresa trascienda y pase a las siguientes generaciones depende, adem\u00e1s de una gesti\u00f3n eficiente, del establecimiento de un mecanismo de gobierno corporativo, -principalmente dentro de las empresas familiares- el cual permita garantizar la administraci\u00f3n y hacer frente ante cualquier posible contingencia a futuro.<\/p>\n<!-- \/wp:paragraph -->\n\n<!-- wp:paragraph -->\n<p>Pero lo anterior, no solo involucra el tener un consejo de administraci\u00f3n, sino una implementaci\u00f3n integral de recursos que permitan asegurar los resultados y la continuidad del negocio. Nuestra \u00e1rea de servicios de gobierno corporativo, riesgos y cumplimiento le ofrece una serie de servicios que cubran todas sus necesidades:<\/p>\n<!-- \/wp:paragraph -->\n\n<!-- wp:paragraph -->\n<p><strong>Dise\u00f1o e Implementaci\u00f3n de un programa<\/strong> <strong>de<\/strong> <strong>institucionalizaci\u00f3n de la empresa<\/strong><\/p>\n<!-- \/wp:paragraph -->\n\n<!-- wp:list -->\n<ul><!-- wp:list-item -->\n<li>Consejo de Familia<\/li>\n<!-- \/wp:list-item -->\n\n<!-- wp:list-item -->\n<li>Protocolo Familiar<\/li>\n<!-- \/wp:list-item -->\n\n<!-- wp:list-item -->\n<li>Plan de Sucesi\u00f3n<\/li>\n<!-- \/wp:list-item --><\/ul>\n<!-- \/wp:list -->\n\n<!-- wp:paragraph -->\n<p><strong>Dise\u00f1o de las funciones de los comit\u00e9s delegados del Consejo de Administraci\u00f3n como:<\/strong><\/p>\n<!-- \/wp:paragraph -->\n\n<!-- wp:list -->\n<ul><!-- wp:list-item -->\n<li>Comit\u00e9 de Auditor\u00eda<\/li>\n<!-- \/wp:list-item -->\n\n<!-- wp:list-item -->\n<li>Comit\u00e9 de Finanzas y Planeaci\u00f3n<\/li>\n<!-- \/wp:list-item -->\n\n<!-- wp:list-item -->\n<li>Evaluaci\u00f3n y compensaci\u00f3n<\/li>\n<!-- \/wp:list-item -->\n\n<!-- wp:list-item -->\n<li>Riesgos y cumplimiento<\/li>\n<!-- \/wp:list-item -->\n\n<!-- wp:list-item -->\n<li>Dise\u00f1o del Sistema de Integridad y funciones del Comit\u00e9 de \u00c9tica<\/li>\n<!-- \/wp:list-item --><\/ul>\n<!-- \/wp:list -->\n\n<!-- wp:paragraph -->\n<p><strong>Dise\u00f1o del marco de riesgos de negocio<\/strong> <strong>en:<\/strong><\/p>\n<!-- \/wp:paragraph -->\n\n<!-- wp:list -->\n<ul><!-- wp:list-item -->\n<li>Estrat\u00e9gico<\/li>\n<!-- \/wp:list-item -->\n\n<!-- wp:list-item -->\n<li>Cumplimiento<\/li>\n<!-- \/wp:list-item -->\n\n<!-- wp:list-item -->\n<li>Reporte<\/li>\n<!-- \/wp:list-item -->\n\n<!-- wp:list-item -->\n<li>Operativo<\/li>\n<!-- \/wp:list-item -->\n\n<!-- wp:list-item -->\n<li>Medio ambiente<\/li>\n<!-- \/wp:list-item -->\n\n<!-- wp:list-item -->\n<li>Social<\/li>\n<!-- \/wp:list-item -->\n\n<!-- wp:list-item -->\n<li>Gobierno<\/li>\n<!-- \/wp:list-item --><\/ul>\n<!-- \/wp:list -->\n\n<!-- wp:paragraph -->\n<p><strong>Auditor\u00eda Interna<\/strong><\/p>\n<!-- \/wp:paragraph -->\n\n<!-- wp:list -->\n<ul><!-- wp:list-item -->\n<li>Evaluaci\u00f3n del departamento de auditor\u00eda interna de acuerdo con las normas internacionales de auditor\u00eda interna emitidas por el Institute of Internal Auditors (IIA)<\/li>\n<!-- \/wp:list-item -->\n\n<!-- wp:list-item -->\n<li>Dise\u00f1o del Programa de Auditor\u00eda Interna con base en riesgos<\/li>\n<!-- \/wp:list-item -->\n\n<!-- wp:list-item -->\n<li>Presentaci\u00f3n de informes de auditor\u00eda interna de alto impacto a la administraci\u00f3n y al Comit\u00e9 de Auditor\u00eda Interna<\/li>\n<!-- \/wp:list-item -->\n\n<!-- wp:list-item -->\n<li>Funciones de co-sourcing de la pr\u00e1ctica de auditor\u00eda interna<\/li>\n<!-- \/wp:list-item --><\/ul>\n<!-- \/wp:list -->\n\n<!-- wp:paragraph -->\n<p>Ofrecemos m\u00e1s que un dictamen financiero; realizamos un an\u00e1lisis integral de los riesgos de forma oportuna, que aporta valor e informa de las fortalezas y debilidades de su negocio, para brindar mayor seguridad en la toma de decisiones.<\/p>\n<!-- \/wp:paragraph -->\n\n<!-- wp:paragraph -->\n<p>Cumplimos con los requerimientos y est\u00e1ndares de calidad nacionales e internacionales, como los del International Federation of Accountants (IFAC) para la realizaci\u00f3n de nuestros trabajos de auditor\u00eda.<\/p>\n<!-- \/wp:paragraph -->\n\n<!-- wp:paragraph -->\n<p><strong>Nuestros servicios abarcan:<\/strong><\/p>\n<!-- \/wp:paragraph -->\n\n<!-- wp:list -->\n<ul><!-- wp:list-item -->\n<li>Auditor\u00eda de estados financieros (incluye, en su caso, el dictamen fiscal)<\/li>\n<!-- \/wp:list-item -->\n\n<!-- wp:list-item -->\n<li>Auditor\u00edas de compra\/venta de empresas (due diligence)<\/li>\n<!-- \/wp:list-item -->\n\n<!-- wp:list-item -->\n<li>Auditor\u00edas a entidades gubernamentales designadas por la Secretar\u00eda de la Funci\u00f3n P\u00fablica y gobiernos locales<\/li>\n<!-- \/wp:list-item -->\n\n<!-- wp:list-item -->\n<li>Auditor\u00edas para efectos del IMSS e INFONAVIT<\/li>\n<!-- \/wp:list-item -->\n\n<!-- wp:list-item -->\n<li>Auditor\u00edas para efectos de impuestos locales de la CDMX, Estado de M\u00e9xico, Quer\u00e9taro y Guanajuato.<\/li>\n<!-- \/wp:list-item -->\n\n<!-- wp:list-item -->\n<li>Peritajes contables<\/li>\n<!-- \/wp:list-item -->\n\n<!-- wp:list-item -->\n<li>Revisiones especiales y de atestiguamiento<\/li>\n<!-- \/wp:list-item -->\n\n<!-- wp:list-item -->\n<li>Auditor\u00eda en materia de Tecnolog\u00edas de la Informaci\u00f3n<\/li>\n<!-- \/wp:list-item -->\n\n<!-- wp:list-item -->\n<li>Auditor\u00eda en materia de PLD<\/li>\n<!-- \/wp:list-item -->\n\n<!-- wp:list-item -->\n<li>Auditor\u00eda de fondos de CONACYT y Secretar\u00eda de Econom\u00eda<\/li>\n<!-- \/wp:list-item --><\/ul>\n<!-- \/wp:list -->","_et_gb_content_width":"","content-type":"","footnotes":""},"jetpack_sharing_enabled":true,"_links":{"self":[{"href":"https:\/\/bdccconsulting.com\/en\/wp-json\/wp\/v2\/pages\/353"}],"collection":[{"href":"https:\/\/bdccconsulting.com\/en\/wp-json\/wp\/v2\/pages"}],"about":[{"href":"https:\/\/bdccconsulting.com\/en\/wp-json\/wp\/v2\/types\/page"}],"author":[{"embeddable":true,"href":"https:\/\/bdccconsulting.com\/en\/wp-json\/wp\/v2\/users\/2"}],"replies":[{"embeddable":true,"href":"https:\/\/bdccconsulting.com\/en\/wp-json\/wp\/v2\/comments?post=353"}],"version-history":[{"count":6,"href":"https:\/\/bdccconsulting.com\/en\/wp-json\/wp\/v2\/pages\/353\/revisions"}],"predecessor-version":[{"id":681,"href":"https:\/\/bdccconsulting.com\/en\/wp-json\/wp\/v2\/pages\/353\/revisions\/681"}],"wp:featuredmedia":[{"embeddable":true,"href":"https:\/\/bdccconsulting.com\/en\/wp-json\/wp\/v2\/media\/12"}],"wp:attachment":[{"href":"https:\/\/bdccconsulting.com\/en\/wp-json\/wp\/v2\/media?parent=353"}],"curies":[{"name":"wp","href":"https:\/\/api.w.org\/{rel}","templated":true}]}}